{"id":206826,"date":"2023-03-13T14:04:21","date_gmt":"2023-03-13T13:04:21","guid":{"rendered":"https:\/\/www.arrogant-frog.com\/?post_type=product&#038;p=206826"},"modified":"2025-06-03T00:40:28","modified_gmt":"2025-06-02T22:40:28","slug":"arrogant-frog-pinot-noir","status":"publish","type":"product","link":"https:\/\/www.arrogant-frog.com\/en\/the-wines\/arrogant-frog-pinot-noir\/","title":{"rendered":"Arrogant Frog &#8211; Pinot Noir 2021"},"content":{"rendered":"<p>[et_pb_section fb_built=&#8221;1&#8243; _builder_version=&#8221;4.16&#8243; custom_padding=&#8221;0px||||false|false&#8221; global_colors_info=&#8221;{}&#8221;][et_pb_row _builder_version=&#8221;4.16&#8243; background_size=&#8221;initial&#8221; background_position=&#8221;top_left&#8221; background_repeat=&#8221;repeat&#8221; width=&#8221;100%&#8221; custom_padding=&#8221;0px||0px||false|false&#8221; global_colors_info=&#8221;{}&#8221;][et_pb_column type=&#8221;4_4&#8243; _builder_version=&#8221;4.16&#8243; custom_padding=&#8221;|||&#8221; global_colors_info=&#8221;{}&#8221; custom_padding__hover=&#8221;|||&#8221;][et_pb_wc_breadcrumb _builder_version=&#8221;4.16&#8243; global_colors_info=&#8221;{}&#8221;][\/et_pb_wc_breadcrumb][et_pb_wc_cart_notice _builder_version=&#8221;4.16&#8243; global_colors_info=&#8221;{}&#8221;][\/et_pb_wc_cart_notice][\/et_pb_column][\/et_pb_row][et_pb_row column_structure=&#8221;1_2,1_2&#8243; _builder_version=&#8221;4.16&#8243; background_size=&#8221;initial&#8221; background_position=&#8221;top_left&#8221; background_repeat=&#8221;repeat&#8221; width=&#8221;100%&#8221; custom_padding=&#8221;0px||||false|false&#8221; global_colors_info=&#8221;{}&#8221;][et_pb_column type=&#8221;1_2&#8243; _builder_version=&#8221;4.16&#8243; custom_padding=&#8221;|||&#8221; global_colors_info=&#8221;{}&#8221; custom_padding__hover=&#8221;|||&#8221;][et_pb_image src=&#8221;https:\/\/www.arrogant-frog.com\/wp-content\/uploads\/2017\/11\/2.jpg&#8221; alt=&#8221;Bouteille de Pinot noir Arrogant Frog&#8221; title_text=&#8221;2&#8243; _builder_version=&#8221;4.20.2&#8243; _module_preset=&#8221;default&#8221; width=&#8221;80%&#8221; global_colors_info=&#8221;{}&#8221; src__hover_enabled=&#8221;on|hover&#8221; width__hover_enabled=&#8221;on|hover&#8221; width__hover=&#8221;100%&#8221; src__hover=&#8221;https:\/\/www.arrogant-frog.com\/wp-content\/uploads\/2017\/11\/2.jpg&#8221;][\/et_pb_image][\/et_pb_column][et_pb_column type=&#8221;1_2&#8243; _builder_version=&#8221;4.16&#8243; custom_padding=&#8221;|||&#8221; global_colors_info=&#8221;{}&#8221; custom_padding__hover=&#8221;|||&#8221;][et_pb_wc_title _builder_version=&#8221;4.16&#8243; global_colors_info=&#8221;{}&#8221;][\/et_pb_wc_title][et_pb_wc_rating _builder_version=&#8221;4.16&#8243; global_colors_info=&#8221;{}&#8221;][\/et_pb_wc_rating][et_pb_wc_price _builder_version=&#8221;4.16&#8243; global_colors_info=&#8221;{}&#8221;][\/et_pb_wc_price][et_pb_wc_description _builder_version=&#8221;4.16&#8243; global_colors_info=&#8221;{}&#8221;][\/et_pb_wc_description][et_pb_wc_add_to_cart _builder_version=&#8221;4.16&#8243; global_colors_info=&#8221;{}&#8221;][\/et_pb_wc_add_to_cart][et_pb_wc_meta _builder_version=&#8221;4.16&#8243; global_colors_info=&#8221;{}&#8221;][\/et_pb_wc_meta][\/et_pb_column][\/et_pb_row][et_pb_row _builder_version=&#8221;4.16&#8243; background_size=&#8221;initial&#8221; background_position=&#8221;top_left&#8221; background_repeat=&#8221;repeat&#8221; width=&#8221;100%&#8221; global_colors_info=&#8221;{}&#8221;][et_pb_column type=&#8221;4_4&#8243; _builder_version=&#8221;4.16&#8243; custom_padding=&#8221;|||&#8221; global_colors_info=&#8221;{}&#8221; custom_padding__hover=&#8221;|||&#8221;][et_pb_wc_tabs _builder_version=&#8221;4.16&#8243; global_colors_info=&#8221;{}&#8221;] [\/et_pb_wc_tabs][et_pb_wc_upsells _builder_version=&#8221;4.16&#8243; global_colors_info=&#8221;{}&#8221;][\/et_pb_wc_upsells][et_pb_wc_related_products _builder_version=&#8221;4.16&#8243; global_colors_info=&#8221;{}&#8221;][\/et_pb_wc_related_products][\/et_pb_column][\/et_pb_row][\/et_pb_section]<\/p>\n","protected":false},"excerpt":{"rendered":"<ul>\n<li><strong>Appellation :\u00a0<\/strong>Pays d\u2019Oc \u2013 Indication G\u00e9ographique Prot\u00e9g\u00e9e<\/li>\n<li><strong>Grape Varieties :\u00a0<\/strong>100% Pinot Noir<\/li>\n<li><strong>Gold Medal<\/strong> at the 2019 Concours G\u00e9n\u00e9ral Agricole<\/li>\n<\/ul>\n<p>&nbsp;<\/p>\n<h4 class=\"p2\">Tasting Notes<\/h4>\n<p>&nbsp;<\/p>\n<ul>\n<li class=\"p2\"><strong>Colour :\u00a0<\/strong>Bright and lovely light garnet-red color<\/li>\n<li class=\"p2\"><strong>Nose :\u00a0<\/strong>Very elegant with a note of red berries, strawberry, cherry, soft spices aromas with a hint of vanilla.<\/li>\n<li class=\"p2\"><strong>Palate :\u00a0<\/strong>Medium-bodied wine, with ripe tannins and acidity which testify his capability to age. It develops very delicate aromas and a long lasting finish.<\/li>\n<li class=\"p2\"><strong>Food pairing :\u00a0<\/strong>To be served at 16\u00b0C with grilled meat: lamb, veal or pork, game and soft \/medium cheese.<\/li>\n<\/ul>\n","protected":false},"featured_media":206819,"comment_status":"open","ping_status":"closed","template":"","meta":{"_et_pb_use_builder":"on","_et_pb_old_content":"<ul>\r\n \t<li>\r\n<h4 class=\"p2\">Vineyard profile<\/h4>\r\n<ul>\r\n \t<li class=\"p2\">Soil type: Clay, limestone and gravels \u2013 the vineyards are farmed according to sustainable agriculture<\/li>\r\n \t<li class=\"p2\">Vineyard age : Over 20 year-old vines<\/li>\r\n \t<li class=\"p2\">Pruning : Cordon de Royat, Simple Guyot<\/li>\r\n \t<li class=\"p2\">Harvest: mechanical at night in order to avoid premature oxidation<\/li>\r\n \t<li class=\"p2\">Average yield: 45 hl\/ha<\/li>\r\n<\/ul>\r\n<h4 class=\"p2\">Vinification process<\/h4>\r\n<p class=\"p2\">Destemming of the grape, skin contact maceration at 10\u00b0C for 3 days in order to extract aromas and colour. Fermentation takes place with selected yeast at 25\u00b0C maximum and is followed by skin contact maceration for 5 days and then pressing. Only the first presses are reincorporated into the wine. 50% of the blend is aged in new oak barrel for 7 months. The other 50% are matured stainless steel vats. After taking the wine off the barrels we have aged it for a further 2 months in vats prior to bottling.<\/p>\r\n<\/li>\r\n<\/ul>","_et_gb_content_width":""},"product_cat":[716],"product_tag":[],"class_list":["post-206826","product","type-product","status-publish","has-post-thumbnail","hentry","product_cat-non-classe"],"yoast_head":"<!-- This site is optimized with the Yoast SEO plugin v21.5 - https:\/\/yoast.com\/wordpress\/plugins\/seo\/ -->\n<title>Arrogant Frog - Pinot Noir 2021 - Arrogant Frog<\/title>\n<meta name=\"description\" content=\"This Pinot Noir will pair well with charcuterie, grilled meats, game and terrine. Elegant and well balanced, it is best served at 15\u00b0C.\" \/>\n<meta name=\"robots\" content=\"index, follow, max-snippet:-1, max-image-preview:large, max-video-preview:-1\" \/>\n<link rel=\"canonical\" href=\"https:\/\/www.arrogant-frog.com\/en\/the-wines\/arrogant-frog-pinot-noir\/\" \/>\n<meta property=\"og:locale\" content=\"en_US\" \/>\n<meta property=\"og:type\" content=\"article\" \/>\n<meta property=\"og:title\" content=\"Arrogant Frog - Pinot Noir 2021 - Arrogant Frog\" \/>\n<meta property=\"og:description\" content=\"This Pinot Noir will pair well with charcuterie, grilled meats, game and terrine. Elegant and well balanced, it is best served at 15\u00b0C.\" \/>\n<meta property=\"og:url\" content=\"https:\/\/www.arrogant-frog.com\/en\/the-wines\/arrogant-frog-pinot-noir\/\" \/>\n<meta property=\"og:site_name\" content=\"Arrogant Frog\" \/>\n<meta property=\"article:modified_time\" content=\"2025-06-02T22:40:28+00:00\" \/>\n<meta property=\"og:image\" content=\"https:\/\/www.arrogant-frog.com\/wp-content\/uploads\/2017\/11\/Pinot-Noir-Mundus-23.jpg\" \/>\n\t<meta property=\"og:image:width\" content=\"540\" \/>\n\t<meta property=\"og:image:height\" content=\"800\" \/>\n\t<meta property=\"og:image:type\" content=\"image\/jpeg\" \/>\n<meta name=\"twitter:card\" content=\"summary_large_image\" \/>\n<meta name=\"twitter:label1\" content=\"Est. reading time\" \/>\n\t<meta name=\"twitter:data1\" content=\"1 minute\" \/>\n<script type=\"application\/ld+json\" class=\"yoast-schema-graph\">{\"@context\":\"https:\/\/schema.org\",\"@graph\":[{\"@type\":\"WebPage\",\"@id\":\"https:\/\/www.arrogant-frog.com\/en\/the-wines\/arrogant-frog-pinot-noir\/\",\"url\":\"https:\/\/www.arrogant-frog.com\/en\/the-wines\/arrogant-frog-pinot-noir\/\",\"name\":\"Arrogant Frog - Pinot Noir 2021 - Arrogant Frog\",\"isPartOf\":{\"@id\":\"https:\/\/www.arrogant-frog.com\/#website\"},\"datePublished\":\"2023-03-13T13:04:21+00:00\",\"dateModified\":\"2025-06-02T22:40:28+00:00\",\"description\":\"This Pinot Noir will pair well with charcuterie, grilled meats, game and terrine. Elegant and well balanced, it is best served at 15\u00b0C.\",\"breadcrumb\":{\"@id\":\"https:\/\/www.arrogant-frog.com\/en\/the-wines\/arrogant-frog-pinot-noir\/#breadcrumb\"},\"inLanguage\":\"en-US\",\"potentialAction\":[{\"@type\":\"ReadAction\",\"target\":[\"https:\/\/www.arrogant-frog.com\/en\/the-wines\/arrogant-frog-pinot-noir\/\"]}]},{\"@type\":\"BreadcrumbList\",\"@id\":\"https:\/\/www.arrogant-frog.com\/en\/the-wines\/arrogant-frog-pinot-noir\/#breadcrumb\",\"itemListElement\":[{\"@type\":\"ListItem\",\"position\":1,\"name\":\"Home\",\"item\":\"https:\/\/www.arrogant-frog.com\/en\/\"},{\"@type\":\"ListItem\",\"position\":2,\"name\":\"Products\",\"item\":\"https:\/\/www.arrogant-frog.com\/en\/shop\/\"},{\"@type\":\"ListItem\",\"position\":3,\"name\":\"Arrogant Frog &#8211; Pinot Noir 2021\"}]},{\"@type\":\"WebSite\",\"@id\":\"https:\/\/www.arrogant-frog.com\/#website\",\"url\":\"https:\/\/www.arrogant-frog.com\/\",\"name\":\"Arrogant Frog\",\"description\":\"Arrogant FROG, l&#039;audace d&#039;\u00eatre diff\u00e9rent\",\"publisher\":{\"@id\":\"https:\/\/www.arrogant-frog.com\/#organization\"},\"potentialAction\":[{\"@type\":\"SearchAction\",\"target\":{\"@type\":\"EntryPoint\",\"urlTemplate\":\"https:\/\/www.arrogant-frog.com\/?s={search_term_string}\"},\"query-input\":\"required name=search_term_string\"}],\"inLanguage\":\"en-US\"},{\"@type\":\"Organization\",\"@id\":\"https:\/\/www.arrogant-frog.com\/#organization\",\"name\":\"Arrogant Frog\",\"url\":\"https:\/\/www.arrogant-frog.com\/\",\"logo\":{\"@type\":\"ImageObject\",\"inLanguage\":\"en-US\",\"@id\":\"https:\/\/www.arrogant-frog.com\/#\/schema\/logo\/image\/\",\"url\":\"https:\/\/www.arrogant-frog.com\/wp-content\/uploads\/2014\/03\/vrai1.png\",\"contentUrl\":\"https:\/\/www.arrogant-frog.com\/wp-content\/uploads\/2014\/03\/vrai1.png\",\"width\":250,\"height\":457,\"caption\":\"Arrogant Frog\"},\"image\":{\"@id\":\"https:\/\/www.arrogant-frog.com\/#\/schema\/logo\/image\/\"}}]}<\/script>\n<!-- \/ Yoast SEO plugin. -->","yoast_head_json":{"title":"Arrogant Frog - Pinot Noir 2021 - Arrogant Frog","description":"This Pinot Noir will pair well with charcuterie, grilled meats, game and terrine. Elegant and well balanced, it is best served at 15\u00b0C.","robots":{"index":"index","follow":"follow","max-snippet":"max-snippet:-1","max-image-preview":"max-image-preview:large","max-video-preview":"max-video-preview:-1"},"canonical":"https:\/\/www.arrogant-frog.com\/en\/the-wines\/arrogant-frog-pinot-noir\/","og_locale":"en_US","og_type":"article","og_title":"Arrogant Frog - Pinot Noir 2021 - Arrogant Frog","og_description":"This Pinot Noir will pair well with charcuterie, grilled meats, game and terrine. Elegant and well balanced, it is best served at 15\u00b0C.","og_url":"https:\/\/www.arrogant-frog.com\/en\/the-wines\/arrogant-frog-pinot-noir\/","og_site_name":"Arrogant Frog","article_modified_time":"2025-06-02T22:40:28+00:00","og_image":[{"width":540,"height":800,"url":"https:\/\/www.arrogant-frog.com\/wp-content\/uploads\/2017\/11\/Pinot-Noir-Mundus-23.jpg","type":"image\/jpeg"}],"twitter_card":"summary_large_image","twitter_misc":{"Est. reading time":"1 minute"},"schema":{"@context":"https:\/\/schema.org","@graph":[{"@type":"WebPage","@id":"https:\/\/www.arrogant-frog.com\/en\/the-wines\/arrogant-frog-pinot-noir\/","url":"https:\/\/www.arrogant-frog.com\/en\/the-wines\/arrogant-frog-pinot-noir\/","name":"Arrogant Frog - Pinot Noir 2021 - Arrogant Frog","isPartOf":{"@id":"https:\/\/www.arrogant-frog.com\/#website"},"datePublished":"2023-03-13T13:04:21+00:00","dateModified":"2025-06-02T22:40:28+00:00","description":"This Pinot Noir will pair well with charcuterie, grilled meats, game and terrine. Elegant and well balanced, it is best served at 15\u00b0C.","breadcrumb":{"@id":"https:\/\/www.arrogant-frog.com\/en\/the-wines\/arrogant-frog-pinot-noir\/#breadcrumb"},"inLanguage":"en-US","potentialAction":[{"@type":"ReadAction","target":["https:\/\/www.arrogant-frog.com\/en\/the-wines\/arrogant-frog-pinot-noir\/"]}]},{"@type":"BreadcrumbList","@id":"https:\/\/www.arrogant-frog.com\/en\/the-wines\/arrogant-frog-pinot-noir\/#breadcrumb","itemListElement":[{"@type":"ListItem","position":1,"name":"Home","item":"https:\/\/www.arrogant-frog.com\/en\/"},{"@type":"ListItem","position":2,"name":"Products","item":"https:\/\/www.arrogant-frog.com\/en\/shop\/"},{"@type":"ListItem","position":3,"name":"Arrogant Frog &#8211; Pinot Noir 2021"}]},{"@type":"WebSite","@id":"https:\/\/www.arrogant-frog.com\/#website","url":"https:\/\/www.arrogant-frog.com\/","name":"Arrogant Frog","description":"Arrogant FROG, l&#039;audace d&#039;\u00eatre diff\u00e9rent","publisher":{"@id":"https:\/\/www.arrogant-frog.com\/#organization"},"potentialAction":[{"@type":"SearchAction","target":{"@type":"EntryPoint","urlTemplate":"https:\/\/www.arrogant-frog.com\/?s={search_term_string}"},"query-input":"required name=search_term_string"}],"inLanguage":"en-US"},{"@type":"Organization","@id":"https:\/\/www.arrogant-frog.com\/#organization","name":"Arrogant Frog","url":"https:\/\/www.arrogant-frog.com\/","logo":{"@type":"ImageObject","inLanguage":"en-US","@id":"https:\/\/www.arrogant-frog.com\/#\/schema\/logo\/image\/","url":"https:\/\/www.arrogant-frog.com\/wp-content\/uploads\/2014\/03\/vrai1.png","contentUrl":"https:\/\/www.arrogant-frog.com\/wp-content\/uploads\/2014\/03\/vrai1.png","width":250,"height":457,"caption":"Arrogant Frog"},"image":{"@id":"https:\/\/www.arrogant-frog.com\/#\/schema\/logo\/image\/"}}]}},"_links":{"self":[{"href":"https:\/\/www.arrogant-frog.com\/en\/wp-json\/wp\/v2\/product\/206826"}],"collection":[{"href":"https:\/\/www.arrogant-frog.com\/en\/wp-json\/wp\/v2\/product"}],"about":[{"href":"https:\/\/www.arrogant-frog.com\/en\/wp-json\/wp\/v2\/types\/product"}],"replies":[{"embeddable":true,"href":"https:\/\/www.arrogant-frog.com\/en\/wp-json\/wp\/v2\/comments?post=206826"}],"wp:featuredmedia":[{"embeddable":true,"href":"https:\/\/www.arrogant-frog.com\/en\/wp-json\/wp\/v2\/media\/206819"}],"wp:attachment":[{"href":"https:\/\/www.arrogant-frog.com\/en\/wp-json\/wp\/v2\/media?parent=206826"}],"wp:term":[{"taxonomy":"product_cat","embeddable":true,"href":"https:\/\/www.arrogant-frog.com\/en\/wp-json\/wp\/v2\/product_cat?post=206826"},{"taxonomy":"product_tag","embeddable":true,"href":"https:\/\/www.arrogant-frog.com\/en\/wp-json\/wp\/v2\/product_tag?post=206826"}],"curies":[{"name":"wp","href":"https:\/\/api.w.org\/{rel}","templated":true}]}}