{"id":3294,"date":"2014-09-01T12:20:20","date_gmt":"2014-09-01T11:20:20","guid":{"rendered":"https:\/\/www.arrogant-frog.com\/?page_id=3294\/"},"modified":"2017-12-01T11:24:03","modified_gmt":"2017-12-01T10:24:03","slug":"arrogant-frog","status":"publish","type":"page","link":"https:\/\/www.arrogant-frog.com\/en\/arrogant-frog\/","title":{"rendered":"Arrogant Frog"},"content":{"rendered":"<p>[et_pb_section bb_built=&#8221;1&#8243; fullwidth=&#8221;on&#8221; specialty=&#8221;off&#8221;][et_pb_fullwidth_image _builder_version=&#8221;3.0.77&#8243; src=&#8221;https:\/\/www.arrogant-frog.com\/wp-content\/uploads\/2014\/05\/bandeau.gif&#8221; show_in_lightbox=&#8221;off&#8221; url_new_window=&#8221;off&#8221; use_overlay=&#8221;off&#8221; border_style=&#8221;solid&#8221; \/][\/et_pb_section][et_pb_section bb_built=&#8221;1&#8243; _builder_version=&#8221;3.0.77&#8243; background_color=&#8221;#592041&#8243;][et_pb_row][et_pb_column type=&#8221;4_4&#8243;][et_pb_text _builder_version=&#8221;3.0.77&#8243; background_layout=&#8221;dark&#8221; border_style=&#8221;solid&#8221; text_orientation=&#8221;justified&#8221; text_line_height=&#8221;2.4em&#8221; module_alignment=&#8221;justified&#8221;]<\/p>\n<h2 class=\"p1\" style=\"text-align: center;\">Created by Jean-Claude Mas, Arrogant Frog is one of the most famous French wine brands worldwide.<\/h2>\n<p>[\/et_pb_text][\/et_pb_column][\/et_pb_row][et_pb_row][et_pb_column type=&#8221;2_3&#8243;][et_pb_video _builder_version=&#8221;3.0.77&#8243; src=&#8221;https:\/\/www.youtube.com\/watch?v=o7mocL0DEHs&#8221; image_src=&#8221;https:\/\/www.arrogant-frog.com\/wp-content\/uploads\/2017\/11\/video-arrogant-frog-dessin.jpg&#8221; \/][\/et_pb_column][et_pb_column type=&#8221;1_3&#8243;][et_pb_text _builder_version=&#8221;3.0.77&#8243; background_layout=&#8221;dark&#8221; border_style=&#8221;solid&#8221; text_orientation=&#8221;justified&#8221; module_alignment=&#8221;justified&#8221;]<\/p>\n<h1 class=\"p2\">The Mascot<\/h1>\n<p class=\"p1\">Jean-Claude Mas has demonstrated that with creativity, know-how and\u00a0<span style=\"color: #ffcc00;\"><strong>humor<\/strong><\/span>, Languedoc wines can shine all over the world<\/p>\n<p class=\"p1\"><strong><span style=\"color: #ffcc00;\">In the early 2000&#8217;s<\/span><\/strong>, the french seen as Arrogants are less popular abroad. The french products, specially wines are loosing market shares in the English speaking countries. In this unfavorable economic environment, an idea will sprout in Jean-Claude Mas&#8217; mind.<\/p>\n<p class=\"p1\">In <strong><span style=\"color: #ffcc00;\">2005<\/span><\/strong>, this challenge oriented man is developing the wine brand who mocks the French self-confidence. A <strong><span style=\"color: #ffcc00;\">\u00a0nice Frog<\/span><\/strong>, a bit dandy, is introduced on wine labels.<\/p>\n<p class=\"p1\">Arrogant Frog is now a success story with over\u00a0<strong><span style=\"color: #ffcc00;\">5 millions bottl<\/span><\/strong><strong><span style=\"color: #ffcc00;\">es<\/span><\/strong>\u00a0sold in more than\u00a0<strong><span style=\"color: #ffcc00;\">40 countries<\/span><\/strong>.<\/p>\n<p>[\/et_pb_text][\/et_pb_column][\/et_pb_row][\/et_pb_section]<\/p>\n","protected":false},"excerpt":{"rendered":"<p><div class=\"et_pb_row et_pb_row_0 et_pb_row_empty\">\n\t\t\t\t\n\t\t\t\t\n\t\t\t\t\n\t\t\t\t\n\t\t\t\t\n\t\t\t<\/div> Created by Jean-Claude Mas, Arrogant Frog is one of the most famous French wine brands worldwide. <div class=\"et_pb_row et_pb_row_1 et_pb_row_empty\">\n\t\t\t\t\n\t\t\t\t\n\t\t\t\t\n\t\t\t\t\n\t\t\t\t\n\t\t\t<\/div> The Mascot Jean-Claude Mas has demonstrated that with creativity, know-how and\u00a0humor, Languedoc wines can shine all over the world In the early 2000&#8217;s, the french seen as Arrogants are less popular abroad. The french products, specially wines [&hellip;]<\/p>\n","protected":false},"author":1,"featured_media":0,"parent":0,"menu_order":0,"comment_status":"open","ping_status":"open","template":"","meta":{"_et_pb_use_builder":"on","_et_pb_old_content":"","_et_gb_content_width":"","footnotes":""},"class_list":["post-3294","page","type-page","status-publish","hentry"],"yoast_head":"<!-- This site is optimized with the Yoast SEO plugin v21.5 - https:\/\/yoast.com\/wordpress\/plugins\/seo\/ -->\n<title>ARROGANT Frog L&#039;Humble Winemaker<\/title>\n<meta name=\"description\" content=\"Arrogant Frog produit des vins originaux, cr\u00e9atifs et agr\u00e9ables. Vin de pays d\u2019Oc et de l\u2019AOC Coteaux du Languedoc dans 4 domaines situ\u00e9s \u00e0 2 endroits diff\u00e9rents dans le Languedoc-Roussillon\" \/>\n<meta name=\"robots\" content=\"index, follow, max-snippet:-1, max-image-preview:large, max-video-preview:-1\" \/>\n<link rel=\"canonical\" href=\"https:\/\/www.arrogant-frog.com\/en\/arrogant-frog\/\" \/>\n<meta property=\"og:locale\" content=\"en_US\" \/>\n<meta property=\"og:type\" content=\"article\" \/>\n<meta property=\"og:title\" content=\"ARROGANT Frog L&#039;Humble Winemaker\" \/>\n<meta property=\"og:description\" content=\"Arrogant Frog produit des vins originaux, cr\u00e9atifs et agr\u00e9ables. Vin de pays d\u2019Oc et de l\u2019AOC Coteaux du Languedoc dans 4 domaines situ\u00e9s \u00e0 2 endroits diff\u00e9rents dans le Languedoc-Roussillon\" \/>\n<meta property=\"og:url\" content=\"https:\/\/www.arrogant-frog.com\/en\/arrogant-frog\/\" \/>\n<meta property=\"og:site_name\" content=\"Arrogant Frog\" \/>\n<meta property=\"article:modified_time\" content=\"2017-12-01T10:24:03+00:00\" \/>\n<meta name=\"twitter:card\" content=\"summary_large_image\" \/>\n<meta name=\"twitter:label1\" content=\"Est. reading time\" \/>\n\t<meta name=\"twitter:data1\" content=\"1 minute\" \/>\n<script type=\"application\/ld+json\" class=\"yoast-schema-graph\">{\"@context\":\"https:\/\/schema.org\",\"@graph\":[{\"@type\":\"WebPage\",\"@id\":\"https:\/\/www.arrogant-frog.com\/en\/arrogant-frog\/\",\"url\":\"https:\/\/www.arrogant-frog.com\/en\/arrogant-frog\/\",\"name\":\"ARROGANT Frog L'Humble Winemaker\",\"isPartOf\":{\"@id\":\"https:\/\/www.arrogant-frog.com\/#website\"},\"datePublished\":\"2014-09-01T11:20:20+00:00\",\"dateModified\":\"2017-12-01T10:24:03+00:00\",\"description\":\"Arrogant Frog produit des vins originaux, cr\u00e9atifs et agr\u00e9ables. Vin de pays d\u2019Oc et de l\u2019AOC Coteaux du Languedoc dans 4 domaines situ\u00e9s \u00e0 2 endroits diff\u00e9rents dans le Languedoc-Roussillon\",\"breadcrumb\":{\"@id\":\"https:\/\/www.arrogant-frog.com\/en\/arrogant-frog\/#breadcrumb\"},\"inLanguage\":\"en-US\",\"potentialAction\":[{\"@type\":\"ReadAction\",\"target\":[\"https:\/\/www.arrogant-frog.com\/en\/arrogant-frog\/\"]}]},{\"@type\":\"BreadcrumbList\",\"@id\":\"https:\/\/www.arrogant-frog.com\/en\/arrogant-frog\/#breadcrumb\",\"itemListElement\":[{\"@type\":\"ListItem\",\"position\":1,\"name\":\"Home\",\"item\":\"https:\/\/www.arrogant-frog.com\/en\/\"},{\"@type\":\"ListItem\",\"position\":2,\"name\":\"Arrogant Frog\"}]},{\"@type\":\"WebSite\",\"@id\":\"https:\/\/www.arrogant-frog.com\/#website\",\"url\":\"https:\/\/www.arrogant-frog.com\/\",\"name\":\"Arrogant Frog\",\"description\":\"Arrogant FROG, l&#039;audace d&#039;\u00eatre diff\u00e9rent\",\"publisher\":{\"@id\":\"https:\/\/www.arrogant-frog.com\/#organization\"},\"potentialAction\":[{\"@type\":\"SearchAction\",\"target\":{\"@type\":\"EntryPoint\",\"urlTemplate\":\"https:\/\/www.arrogant-frog.com\/?s={search_term_string}\"},\"query-input\":\"required name=search_term_string\"}],\"inLanguage\":\"en-US\"},{\"@type\":\"Organization\",\"@id\":\"https:\/\/www.arrogant-frog.com\/#organization\",\"name\":\"Arrogant Frog\",\"url\":\"https:\/\/www.arrogant-frog.com\/\",\"logo\":{\"@type\":\"ImageObject\",\"inLanguage\":\"en-US\",\"@id\":\"https:\/\/www.arrogant-frog.com\/#\/schema\/logo\/image\/\",\"url\":\"https:\/\/www.arrogant-frog.com\/wp-content\/uploads\/2014\/03\/vrai1.png\",\"contentUrl\":\"https:\/\/www.arrogant-frog.com\/wp-content\/uploads\/2014\/03\/vrai1.png\",\"width\":250,\"height\":457,\"caption\":\"Arrogant Frog\"},\"image\":{\"@id\":\"https:\/\/www.arrogant-frog.com\/#\/schema\/logo\/image\/\"}}]}<\/script>\n<!-- \/ Yoast SEO plugin. -->","yoast_head_json":{"title":"ARROGANT Frog L'Humble Winemaker","description":"Arrogant Frog produit des vins originaux, cr\u00e9atifs et agr\u00e9ables. Vin de pays d\u2019Oc et de l\u2019AOC Coteaux du Languedoc dans 4 domaines situ\u00e9s \u00e0 2 endroits diff\u00e9rents dans le Languedoc-Roussillon","robots":{"index":"index","follow":"follow","max-snippet":"max-snippet:-1","max-image-preview":"max-image-preview:large","max-video-preview":"max-video-preview:-1"},"canonical":"https:\/\/www.arrogant-frog.com\/en\/arrogant-frog\/","og_locale":"en_US","og_type":"article","og_title":"ARROGANT Frog L'Humble Winemaker","og_description":"Arrogant Frog produit des vins originaux, cr\u00e9atifs et agr\u00e9ables. Vin de pays d\u2019Oc et de l\u2019AOC Coteaux du Languedoc dans 4 domaines situ\u00e9s \u00e0 2 endroits diff\u00e9rents dans le Languedoc-Roussillon","og_url":"https:\/\/www.arrogant-frog.com\/en\/arrogant-frog\/","og_site_name":"Arrogant Frog","article_modified_time":"2017-12-01T10:24:03+00:00","twitter_card":"summary_large_image","twitter_misc":{"Est. reading time":"1 minute"},"schema":{"@context":"https:\/\/schema.org","@graph":[{"@type":"WebPage","@id":"https:\/\/www.arrogant-frog.com\/en\/arrogant-frog\/","url":"https:\/\/www.arrogant-frog.com\/en\/arrogant-frog\/","name":"ARROGANT Frog L'Humble Winemaker","isPartOf":{"@id":"https:\/\/www.arrogant-frog.com\/#website"},"datePublished":"2014-09-01T11:20:20+00:00","dateModified":"2017-12-01T10:24:03+00:00","description":"Arrogant Frog produit des vins originaux, cr\u00e9atifs et agr\u00e9ables. Vin de pays d\u2019Oc et de l\u2019AOC Coteaux du Languedoc dans 4 domaines situ\u00e9s \u00e0 2 endroits diff\u00e9rents dans le Languedoc-Roussillon","breadcrumb":{"@id":"https:\/\/www.arrogant-frog.com\/en\/arrogant-frog\/#breadcrumb"},"inLanguage":"en-US","potentialAction":[{"@type":"ReadAction","target":["https:\/\/www.arrogant-frog.com\/en\/arrogant-frog\/"]}]},{"@type":"BreadcrumbList","@id":"https:\/\/www.arrogant-frog.com\/en\/arrogant-frog\/#breadcrumb","itemListElement":[{"@type":"ListItem","position":1,"name":"Home","item":"https:\/\/www.arrogant-frog.com\/en\/"},{"@type":"ListItem","position":2,"name":"Arrogant Frog"}]},{"@type":"WebSite","@id":"https:\/\/www.arrogant-frog.com\/#website","url":"https:\/\/www.arrogant-frog.com\/","name":"Arrogant Frog","description":"Arrogant FROG, l&#039;audace d&#039;\u00eatre diff\u00e9rent","publisher":{"@id":"https:\/\/www.arrogant-frog.com\/#organization"},"potentialAction":[{"@type":"SearchAction","target":{"@type":"EntryPoint","urlTemplate":"https:\/\/www.arrogant-frog.com\/?s={search_term_string}"},"query-input":"required name=search_term_string"}],"inLanguage":"en-US"},{"@type":"Organization","@id":"https:\/\/www.arrogant-frog.com\/#organization","name":"Arrogant Frog","url":"https:\/\/www.arrogant-frog.com\/","logo":{"@type":"ImageObject","inLanguage":"en-US","@id":"https:\/\/www.arrogant-frog.com\/#\/schema\/logo\/image\/","url":"https:\/\/www.arrogant-frog.com\/wp-content\/uploads\/2014\/03\/vrai1.png","contentUrl":"https:\/\/www.arrogant-frog.com\/wp-content\/uploads\/2014\/03\/vrai1.png","width":250,"height":457,"caption":"Arrogant Frog"},"image":{"@id":"https:\/\/www.arrogant-frog.com\/#\/schema\/logo\/image\/"}}]}},"_links":{"self":[{"href":"https:\/\/www.arrogant-frog.com\/en\/wp-json\/wp\/v2\/pages\/3294"}],"collection":[{"href":"https:\/\/www.arrogant-frog.com\/en\/wp-json\/wp\/v2\/pages"}],"about":[{"href":"https:\/\/www.arrogant-frog.com\/en\/wp-json\/wp\/v2\/types\/page"}],"author":[{"embeddable":true,"href":"https:\/\/www.arrogant-frog.com\/en\/wp-json\/wp\/v2\/users\/1"}],"replies":[{"embeddable":true,"href":"https:\/\/www.arrogant-frog.com\/en\/wp-json\/wp\/v2\/comments?post=3294"}],"version-history":[{"count":10,"href":"https:\/\/www.arrogant-frog.com\/en\/wp-json\/wp\/v2\/pages\/3294\/revisions"}],"predecessor-version":[{"id":205328,"href":"https:\/\/www.arrogant-frog.com\/en\/wp-json\/wp\/v2\/pages\/3294\/revisions\/205328"}],"wp:attachment":[{"href":"https:\/\/www.arrogant-frog.com\/en\/wp-json\/wp\/v2\/media?parent=3294"}],"curies":[{"name":"wp","href":"https:\/\/api.w.org\/{rel}","templated":true}]}}