{"id":2535,"date":"2014-08-29T16:16:45","date_gmt":"2014-08-29T15:16:45","guid":{"rendered":"http:\/\/arrogantfrog.drakkarweb.com\/gamme-2\/"},"modified":"2019-03-14T14:56:44","modified_gmt":"2019-03-14T13:56:44","slug":"gamme","status":"publish","type":"page","link":"https:\/\/www.arrogant-frog.com\/en\/gamme\/","title":{"rendered":"OUR WINES"},"content":{"rendered":"<p>[et_pb_section bb_built=&#8221;1&#8243; fullwidth=&#8221;on&#8221; specialty=&#8221;off&#8221; next_background_color=&#8221;#000000&#8243;][et_pb_fullwidth_image _builder_version=&#8221;3.0.77&#8243; src=&#8221;https:\/\/www.arrogant-frog.com\/wp-content\/uploads\/2014\/05\/bandeau.gif&#8221; show_in_lightbox=&#8221;off&#8221; url_new_window=&#8221;off&#8221; use_overlay=&#8221;off&#8221; border_style=&#8221;solid&#8221; animation_style=&#8221;fold&#8221; \/][et_pb_fullwidth_image _builder_version=&#8221;3.0.77&#8243; src=&#8221;https:\/\/www.arrogant-frog.com\/wp-content\/uploads\/2017\/11\/montage-frise-nb.jpg&#8221; show_in_lightbox=&#8221;off&#8221; url_new_window=&#8221;off&#8221; use_overlay=&#8221;off&#8221; border_style=&#8221;solid&#8221; animation_style=&#8221;fold&#8221; \/][\/et_pb_section][et_pb_section bb_built=&#8221;1&#8243; _builder_version=&#8221;3.0.106&#8243; background_repeat=&#8221;repeat&#8221; background_size=&#8221;initial&#8221; background_blend=&#8221;multiply&#8221; use_background_color_gradient=&#8221;on&#8221; background_color_gradient_start=&#8221;#ffffff&#8221; background_color_gradient_end=&#8221;#ffffff&#8221; background_color_gradient_direction=&#8221;1deg&#8221; background_color_gradient_direction_radial=&#8221;top left&#8221; prev_background_color=&#8221;#000000&#8243; next_background_color=&#8221;#000000&#8243;][et_pb_row _builder_version=&#8221;3.0.77&#8243; custom_css_after_1=&#8221;opacity: 0.6;&#8221;][et_pb_column type=&#8221;4_4&#8243;][et_pb_shop _builder_version=&#8221;3.0.106&#8243; type=&#8221;featured&#8221; columns_number=&#8221;5&#8243; orderby=&#8221;menu_order&#8221; text_orientation=&#8221;center&#8221; title_text_align=&#8221;center&#8221; title_text_color=&#8221;#000000&#8243; custom_margin=&#8221;1px|1px|1px|1px&#8221; price_text_color=&#8221;#000000&#8243; \/][\/et_pb_column][\/et_pb_row][\/et_pb_section][et_pb_section bb_built=&#8221;1&#8243; fullwidth=&#8221;on&#8221; specialty=&#8221;off&#8221; prev_background_color=&#8221;#000000&#8243;][et_pb_fullwidth_image _builder_version=&#8221;3.0.77&#8243; src=&#8221;https:\/\/www.arrogant-frog.com\/wp-content\/uploads\/2014\/08\/bandeau-bouteille-frog.jpg&#8221; show_in_lightbox=&#8221;off&#8221; url_new_window=&#8221;off&#8221; use_overlay=&#8221;off&#8221; border_style=&#8221;solid&#8221; \/][\/et_pb_section]<\/p>\n","protected":false},"excerpt":{"rendered":"","protected":false},"author":1,"featured_media":0,"parent":0,"menu_order":0,"comment_status":"open","ping_status":"open","template":"","meta":{"_et_pb_use_builder":"on","_et_pb_old_content":"","_et_gb_content_width":"","footnotes":""},"class_list":["post-2535","page","type-page","status-publish","hentry"],"yoast_head":"<!-- This site is optimized with the Yoast SEO plugin v21.5 - https:\/\/yoast.com\/wordpress\/plugins\/seo\/ -->\n<title>OUR WINES - Arrogant Frog<\/title>\n<meta name=\"description\" content=\"D\u00e9couvrez notre s\u00e9lection de vins Arrogant Frog. Vins originaux et agr\u00e9ables, le plus difficile sera de choisir !\" \/>\n<meta name=\"robots\" content=\"index, follow, max-snippet:-1, max-image-preview:large, max-video-preview:-1\" \/>\n<link rel=\"canonical\" href=\"https:\/\/www.arrogant-frog.com\/en\/gamme\/\" \/>\n<meta property=\"og:locale\" content=\"en_US\" \/>\n<meta property=\"og:type\" content=\"article\" \/>\n<meta property=\"og:title\" content=\"OUR WINES - Arrogant Frog\" \/>\n<meta property=\"og:description\" content=\"D\u00e9couvrez notre s\u00e9lection de vins Arrogant Frog. Vins originaux et agr\u00e9ables, le plus difficile sera de choisir !\" \/>\n<meta property=\"og:url\" content=\"https:\/\/www.arrogant-frog.com\/en\/gamme\/\" \/>\n<meta property=\"og:site_name\" content=\"Arrogant Frog\" \/>\n<meta property=\"article:modified_time\" content=\"2019-03-14T13:56:44+00:00\" \/>\n<meta name=\"twitter:card\" content=\"summary_large_image\" \/>\n<meta name=\"twitter:label1\" content=\"Est. reading time\" \/>\n\t<meta name=\"twitter:data1\" content=\"1 minute\" \/>\n<script type=\"application\/ld+json\" class=\"yoast-schema-graph\">{\"@context\":\"https:\/\/schema.org\",\"@graph\":[{\"@type\":\"WebPage\",\"@id\":\"https:\/\/www.arrogant-frog.com\/en\/gamme\/\",\"url\":\"https:\/\/www.arrogant-frog.com\/en\/gamme\/\",\"name\":\"OUR WINES - Arrogant Frog\",\"isPartOf\":{\"@id\":\"https:\/\/www.arrogant-frog.com\/#website\"},\"datePublished\":\"2014-08-29T15:16:45+00:00\",\"dateModified\":\"2019-03-14T13:56:44+00:00\",\"description\":\"D\u00e9couvrez notre s\u00e9lection de vins Arrogant Frog. Vins originaux et agr\u00e9ables, le plus difficile sera de choisir !\",\"breadcrumb\":{\"@id\":\"https:\/\/www.arrogant-frog.com\/en\/gamme\/#breadcrumb\"},\"inLanguage\":\"en-US\",\"potentialAction\":[{\"@type\":\"ReadAction\",\"target\":[\"https:\/\/www.arrogant-frog.com\/en\/gamme\/\"]}]},{\"@type\":\"BreadcrumbList\",\"@id\":\"https:\/\/www.arrogant-frog.com\/en\/gamme\/#breadcrumb\",\"itemListElement\":[{\"@type\":\"ListItem\",\"position\":1,\"name\":\"Home\",\"item\":\"https:\/\/www.arrogant-frog.com\/en\/\"},{\"@type\":\"ListItem\",\"position\":2,\"name\":\"OUR WINES\"}]},{\"@type\":\"WebSite\",\"@id\":\"https:\/\/www.arrogant-frog.com\/#website\",\"url\":\"https:\/\/www.arrogant-frog.com\/\",\"name\":\"Arrogant Frog\",\"description\":\"Arrogant FROG, l&#039;audace d&#039;\u00eatre diff\u00e9rent\",\"publisher\":{\"@id\":\"https:\/\/www.arrogant-frog.com\/#organization\"},\"potentialAction\":[{\"@type\":\"SearchAction\",\"target\":{\"@type\":\"EntryPoint\",\"urlTemplate\":\"https:\/\/www.arrogant-frog.com\/?s={search_term_string}\"},\"query-input\":\"required name=search_term_string\"}],\"inLanguage\":\"en-US\"},{\"@type\":\"Organization\",\"@id\":\"https:\/\/www.arrogant-frog.com\/#organization\",\"name\":\"Arrogant Frog\",\"url\":\"https:\/\/www.arrogant-frog.com\/\",\"logo\":{\"@type\":\"ImageObject\",\"inLanguage\":\"en-US\",\"@id\":\"https:\/\/www.arrogant-frog.com\/#\/schema\/logo\/image\/\",\"url\":\"https:\/\/www.arrogant-frog.com\/wp-content\/uploads\/2014\/03\/vrai1.png\",\"contentUrl\":\"https:\/\/www.arrogant-frog.com\/wp-content\/uploads\/2014\/03\/vrai1.png\",\"width\":250,\"height\":457,\"caption\":\"Arrogant Frog\"},\"image\":{\"@id\":\"https:\/\/www.arrogant-frog.com\/#\/schema\/logo\/image\/\"}}]}<\/script>\n<!-- \/ Yoast SEO plugin. -->","yoast_head_json":{"title":"OUR WINES - Arrogant Frog","description":"D\u00e9couvrez notre s\u00e9lection de vins Arrogant Frog. Vins originaux et agr\u00e9ables, le plus difficile sera de choisir !","robots":{"index":"index","follow":"follow","max-snippet":"max-snippet:-1","max-image-preview":"max-image-preview:large","max-video-preview":"max-video-preview:-1"},"canonical":"https:\/\/www.arrogant-frog.com\/en\/gamme\/","og_locale":"en_US","og_type":"article","og_title":"OUR WINES - Arrogant Frog","og_description":"D\u00e9couvrez notre s\u00e9lection de vins Arrogant Frog. Vins originaux et agr\u00e9ables, le plus difficile sera de choisir !","og_url":"https:\/\/www.arrogant-frog.com\/en\/gamme\/","og_site_name":"Arrogant Frog","article_modified_time":"2019-03-14T13:56:44+00:00","twitter_card":"summary_large_image","twitter_misc":{"Est. reading time":"1 minute"},"schema":{"@context":"https:\/\/schema.org","@graph":[{"@type":"WebPage","@id":"https:\/\/www.arrogant-frog.com\/en\/gamme\/","url":"https:\/\/www.arrogant-frog.com\/en\/gamme\/","name":"OUR WINES - Arrogant Frog","isPartOf":{"@id":"https:\/\/www.arrogant-frog.com\/#website"},"datePublished":"2014-08-29T15:16:45+00:00","dateModified":"2019-03-14T13:56:44+00:00","description":"D\u00e9couvrez notre s\u00e9lection de vins Arrogant Frog. Vins originaux et agr\u00e9ables, le plus difficile sera de choisir !","breadcrumb":{"@id":"https:\/\/www.arrogant-frog.com\/en\/gamme\/#breadcrumb"},"inLanguage":"en-US","potentialAction":[{"@type":"ReadAction","target":["https:\/\/www.arrogant-frog.com\/en\/gamme\/"]}]},{"@type":"BreadcrumbList","@id":"https:\/\/www.arrogant-frog.com\/en\/gamme\/#breadcrumb","itemListElement":[{"@type":"ListItem","position":1,"name":"Home","item":"https:\/\/www.arrogant-frog.com\/en\/"},{"@type":"ListItem","position":2,"name":"OUR WINES"}]},{"@type":"WebSite","@id":"https:\/\/www.arrogant-frog.com\/#website","url":"https:\/\/www.arrogant-frog.com\/","name":"Arrogant Frog","description":"Arrogant FROG, l&#039;audace d&#039;\u00eatre diff\u00e9rent","publisher":{"@id":"https:\/\/www.arrogant-frog.com\/#organization"},"potentialAction":[{"@type":"SearchAction","target":{"@type":"EntryPoint","urlTemplate":"https:\/\/www.arrogant-frog.com\/?s={search_term_string}"},"query-input":"required name=search_term_string"}],"inLanguage":"en-US"},{"@type":"Organization","@id":"https:\/\/www.arrogant-frog.com\/#organization","name":"Arrogant Frog","url":"https:\/\/www.arrogant-frog.com\/","logo":{"@type":"ImageObject","inLanguage":"en-US","@id":"https:\/\/www.arrogant-frog.com\/#\/schema\/logo\/image\/","url":"https:\/\/www.arrogant-frog.com\/wp-content\/uploads\/2014\/03\/vrai1.png","contentUrl":"https:\/\/www.arrogant-frog.com\/wp-content\/uploads\/2014\/03\/vrai1.png","width":250,"height":457,"caption":"Arrogant Frog"},"image":{"@id":"https:\/\/www.arrogant-frog.com\/#\/schema\/logo\/image\/"}}]}},"_links":{"self":[{"href":"https:\/\/www.arrogant-frog.com\/en\/wp-json\/wp\/v2\/pages\/2535"}],"collection":[{"href":"https:\/\/www.arrogant-frog.com\/en\/wp-json\/wp\/v2\/pages"}],"about":[{"href":"https:\/\/www.arrogant-frog.com\/en\/wp-json\/wp\/v2\/types\/page"}],"author":[{"embeddable":true,"href":"https:\/\/www.arrogant-frog.com\/en\/wp-json\/wp\/v2\/users\/1"}],"replies":[{"embeddable":true,"href":"https:\/\/www.arrogant-frog.com\/en\/wp-json\/wp\/v2\/comments?post=2535"}],"version-history":[{"count":20,"href":"https:\/\/www.arrogant-frog.com\/en\/wp-json\/wp\/v2\/pages\/2535\/revisions"}],"predecessor-version":[{"id":205555,"href":"https:\/\/www.arrogant-frog.com\/en\/wp-json\/wp\/v2\/pages\/2535\/revisions\/205555"}],"wp:attachment":[{"href":"https:\/\/www.arrogant-frog.com\/en\/wp-json\/wp\/v2\/media?parent=2535"}],"curies":[{"name":"wp","href":"https:\/\/api.w.org\/{rel}","templated":true}]}}