{"id":205186,"date":"2017-11-29T12:22:02","date_gmt":"2017-11-29T11:22:02","guid":{"rendered":"https:\/\/www.arrogant-frog.com\/ma-terre-natale\/"},"modified":"2017-11-30T09:36:37","modified_gmt":"2017-11-30T08:36:37","slug":"my-homeland-the-languedoc","status":"publish","type":"page","link":"https:\/\/www.arrogant-frog.com\/en\/my-homeland-the-languedoc\/","title":{"rendered":"My Homeland"},"content":{"rendered":"<p>[et_pb_section bb_built=&#8221;1&#8243; fullwidth=&#8221;on&#8221; specialty=&#8221;off&#8221; _builder_version=&#8221;3.0.77&#8243; custom_margin=&#8221;30px||30px|&#8221;][et_pb_fullwidth_image _builder_version=&#8221;3.0.77&#8243; src=&#8221;https:\/\/www.arrogant-frog.com\/wp-content\/uploads\/2014\/05\/bandeau.gif&#8221; show_in_lightbox=&#8221;off&#8221; url_new_window=&#8221;off&#8221; use_overlay=&#8221;off&#8221; border_style=&#8221;solid&#8221; \/][\/et_pb_section][et_pb_section bb_built=&#8221;1&#8243; fullwidth=&#8221;off&#8221; specialty=&#8221;off&#8221; _builder_version=&#8221;3.0.77&#8243; background_color=&#8221;#592041&#8243;][et_pb_row][et_pb_column type=&#8221;4_4&#8243;][et_pb_text _builder_version=&#8221;3.0.77&#8243; background_layout=&#8221;dark&#8221; border_style=&#8221;solid&#8221;]<\/p>\n<h1>The Vineyard<\/h1>\n<p>[\/et_pb_text][\/et_pb_column][\/et_pb_row][et_pb_row][et_pb_column type=&#8221;1_2&#8243;][et_pb_image _builder_version=&#8221;3.0.77&#8243; src=&#8221;https:\/\/www.arrogant-frog.com\/wp-content\/uploads\/2017\/11\/frog-vendanges.jpg&#8221; show_in_lightbox=&#8221;off&#8221; url_new_window=&#8221;off&#8221; use_overlay=&#8221;off&#8221; always_center_on_mobile=&#8221;on&#8221; border_style=&#8221;solid&#8221; force_fullwidth=&#8221;off&#8221; show_bottom_space=&#8221;on&#8221; \/][\/et_pb_column][et_pb_column type=&#8221;1_2&#8243;][et_pb_text _builder_version=&#8221;3.0.77&#8243; background_layout=&#8221;dark&#8221; border_style=&#8221;solid&#8221; text_orientation=&#8221;justified&#8221;]<\/p>\n<p>Arrogant Frog was born in the H\u00e9rault Valley in Languedoc in the south of France, near the Mediterranean sea, close to the small town of <strong><span style=\"color: #ffcc00;\">P\u00e9zenas<\/span><\/strong> which inspired the famous playwright <strong><span style=\"color: #ffcc00;\">Moli\u00e8re<\/span><\/strong>, and not far from such magnificent historic sites as the Canal du Midi.<\/p>\n<p>Arrogant Frog vineyards have been planted with Syrah, Grenache, Cabernet Sauvignon, Merlot, Carigan and Cinsault grape\u00a0varieties for red and ros\u00e9 wines, and Viognier, Marsanne, Sauvignon blanc and <strong><span style=\"color: #ffcc00;\">Chardonnay<\/span><\/strong> for whites.<\/p>\n<p>The vines are on gravely, clay limestone hills of the H\u00e9rault Valley and on the fossil bearing limestone hills overlooking the <strong><span style=\"color: #ffcc00;\">Thau Lake<\/span><\/strong>.<\/p>\n<p>Each of our wines has its own personality, bringing out the best of its \u00ab\u00a0Terroir\u00a0\u00bb, <strong><span style=\"color: #ffcc00;\">New World Style<\/span><\/strong>.<\/p>\n<p>[\/et_pb_text][\/et_pb_column][\/et_pb_row][\/et_pb_section][et_pb_section bb_built=&#8221;1&#8243; fullwidth=&#8221;on&#8221; specialty=&#8221;off&#8221; _builder_version=&#8221;3.0.77&#8243; custom_margin=&#8221;30px||30px|&#8221;][et_pb_fullwidth_image _builder_version=&#8221;3.0.77&#8243; src=&#8221;https:\/\/www.arrogant-frog.com\/wp-content\/uploads\/2014\/05\/bandeau.gif&#8221; show_in_lightbox=&#8221;off&#8221; url_new_window=&#8221;off&#8221; use_overlay=&#8221;off&#8221; border_style=&#8221;solid&#8221; \/][\/et_pb_section][et_pb_section bb_built=&#8221;1&#8243; fullwidth=&#8221;off&#8221; specialty=&#8221;off&#8221; _builder_version=&#8221;3.0.77&#8243; background_color=&#8221;#592041&#8243;][et_pb_row][et_pb_column type=&#8221;4_4&#8243;][et_pb_text _builder_version=&#8221;3.0.77&#8243; background_layout=&#8221;dark&#8221; border_style=&#8221;solid&#8221;]<\/p>\n<h1>The Winemaking<\/h1>\n<p>[\/et_pb_text][\/et_pb_column][\/et_pb_row][et_pb_row][et_pb_column type=&#8221;1_2&#8243;][et_pb_text _builder_version=&#8221;3.0.77&#8243; background_layout=&#8221;dark&#8221; border_style=&#8221;solid&#8221; text_orientation=&#8221;justified&#8221;]<\/p>\n<p>Perfect hygiene and permanent tasting during the winemaking are essential for making the Arrgogant Frog wines and achieving the goal\u00a0: <span style=\"color: #ffcc00;\">wines with fruit, body, elegance and style<\/span>.<\/p>\n<p>People are the most determinant and important factor in the wine making process for producing the best possible wines. All wines, from fermentation to bottling, are controlled by the Humble Winemaker\u00a0: \u00ab\u00a0<span style=\"color: #ffcc00;\">No wine will be bottled without making sure it meets your expectations<\/span>\u00a0\u00bb.<\/p>\n<p>[\/et_pb_text][\/et_pb_column][et_pb_column type=&#8221;1_2&#8243;][et_pb_image _builder_version=&#8221;3.0.77&#8243; src=&#8221;https:\/\/www.arrogant-frog.com\/wp-content\/uploads\/2014\/05\/pigeage-vin-arrogant-frog.jpg&#8221; show_in_lightbox=&#8221;off&#8221; url_new_window=&#8221;off&#8221; use_overlay=&#8221;off&#8221; always_center_on_mobile=&#8221;on&#8221; border_style=&#8221;solid&#8221; force_fullwidth=&#8221;off&#8221; show_bottom_space=&#8221;on&#8221; \/][\/et_pb_column][\/et_pb_row][\/et_pb_section][et_pb_section bb_built=&#8221;1&#8243; fullwidth=&#8221;on&#8221; specialty=&#8221;off&#8221; _builder_version=&#8221;3.0.77&#8243; custom_margin=&#8221;30px||30px|&#8221;][et_pb_fullwidth_image _builder_version=&#8221;3.0.77&#8243; src=&#8221;https:\/\/www.arrogant-frog.com\/wp-content\/uploads\/2014\/05\/bandeau.gif&#8221; show_in_lightbox=&#8221;off&#8221; url_new_window=&#8221;off&#8221; use_overlay=&#8221;off&#8221; border_style=&#8221;solid&#8221; \/][\/et_pb_section][et_pb_section bb_built=&#8221;1&#8243; fullwidth=&#8221;off&#8221; specialty=&#8221;off&#8221; _builder_version=&#8221;3.0.77&#8243; background_color=&#8221;#592041&#8243;][et_pb_row][et_pb_column type=&#8221;4_4&#8243;][et_pb_text _builder_version=&#8221;3.0.77&#8243; background_layout=&#8221;dark&#8221; border_style=&#8221;solid&#8221;]<\/p>\n<h1>The Bottling<\/h1>\n<p>[\/et_pb_text][\/et_pb_column][\/et_pb_row][et_pb_row][et_pb_column type=&#8221;1_2&#8243;][et_pb_image _builder_version=&#8221;3.0.77&#8243; src=&#8221;https:\/\/www.arrogant-frog.com\/wp-content\/uploads\/2014\/05\/blending-wine-arrogant-frog.jpg&#8221; show_in_lightbox=&#8221;off&#8221; url_new_window=&#8221;off&#8221; use_overlay=&#8221;off&#8221; always_center_on_mobile=&#8221;on&#8221; border_style=&#8221;solid&#8221; force_fullwidth=&#8221;off&#8221; show_bottom_space=&#8221;on&#8221; \/][\/et_pb_column][et_pb_column type=&#8221;1_2&#8243;][et_pb_text _builder_version=&#8221;3.0.77&#8243; background_layout=&#8221;dark&#8221; border_style=&#8221;solid&#8221; text_orientation=&#8221;justified&#8221;]<\/p>\n<p>Because it is essential to preserve our work when bottling and to offer it to the wine amateurs as if they were tasting in the cellar, the Bottling of Arrogant Frog wine is done <span style=\"color: #ffcc00;\">under strict control<\/span> of temperature and access to oxygen with a great attention to details with the best possible equipment.<\/p>\n<p>The quality of our wine is preserved in the bottle with a dependable screwcap, ensuring that <span style=\"color: #ffcc00;\">you enjoy a great glass of wine every time<\/span>.<\/p>\n<p>[\/et_pb_text][\/et_pb_column][\/et_pb_row][\/et_pb_section][et_pb_section bb_built=&#8221;1&#8243; fullwidth=&#8221;on&#8221; specialty=&#8221;off&#8221; _builder_version=&#8221;3.0.77&#8243; custom_margin=&#8221;30px|||&#8221;][et_pb_fullwidth_image _builder_version=&#8221;3.0.77&#8243; src=&#8221;https:\/\/www.arrogant-frog.com\/wp-content\/uploads\/2014\/05\/bandeau.gif&#8221; show_in_lightbox=&#8221;off&#8221; url_new_window=&#8221;off&#8221; use_overlay=&#8221;off&#8221; border_style=&#8221;solid&#8221; \/][\/et_pb_section]<\/p>\n","protected":false},"excerpt":{"rendered":"<p><div class=\"et_pb_row et_pb_row_0 et_pb_row_empty\">\n\t\t\t\t\n\t\t\t\t\n\t\t\t\t\n\t\t\t\t\n\t\t\t\t\n\t\t\t<\/div> The Vineyard <div class=\"et_pb_row et_pb_row_1 et_pb_row_empty\">\n\t\t\t\t\n\t\t\t\t\n\t\t\t\t\n\t\t\t\t\n\t\t\t\t\n\t\t\t<\/div> Arrogant Frog was born in the H\u00e9rault Valley in Languedoc in the south of France, near the Mediterranean sea, close to the small town of P\u00e9zenas which inspired the famous playwright Moli\u00e8re, and not far from such magnificent historic sites as the Canal du Midi. Arrogant Frog vineyards have been planted [&hellip;]<\/p>\n","protected":false},"author":1,"featured_media":205223,"parent":0,"menu_order":0,"comment_status":"closed","ping_status":"closed","template":"","meta":{"_et_pb_use_builder":"on","_et_pb_old_content":"","_et_gb_content_width":"","footnotes":""},"class_list":["post-205186","page","type-page","status-publish","has-post-thumbnail","hentry"],"yoast_head":"<!-- This site is optimized with the Yoast SEO plugin v21.5 - https:\/\/yoast.com\/wordpress\/plugins\/seo\/ -->\n<title>My Homeland - Arrogant Frog<\/title>\n<meta name=\"description\" content=\"Les vins Arrogant Frog naissent en Languedoc, \u00e0 proximit\u00e9 de la mer M\u00e9diterran\u00e9e et de magnifiques sites historiques.\" \/>\n<meta name=\"robots\" content=\"index, follow, max-snippet:-1, max-image-preview:large, max-video-preview:-1\" \/>\n<link rel=\"canonical\" href=\"https:\/\/www.arrogant-frog.com\/en\/my-homeland-the-languedoc\/\" \/>\n<meta property=\"og:locale\" content=\"en_US\" \/>\n<meta property=\"og:type\" content=\"article\" \/>\n<meta property=\"og:title\" content=\"My Homeland - Arrogant Frog\" \/>\n<meta property=\"og:description\" content=\"Les vins Arrogant Frog naissent en Languedoc, \u00e0 proximit\u00e9 de la mer M\u00e9diterran\u00e9e et de magnifiques sites historiques.\" \/>\n<meta property=\"og:url\" content=\"https:\/\/www.arrogant-frog.com\/en\/my-homeland-the-languedoc\/\" \/>\n<meta property=\"og:site_name\" content=\"Arrogant Frog\" \/>\n<meta property=\"article:modified_time\" content=\"2017-11-30T08:36:37+00:00\" \/>\n<meta property=\"og:image\" content=\"https:\/\/www.arrogant-frog.com\/wp-content\/uploads\/2017\/11\/frog-vendanges.jpg\" \/>\n\t<meta property=\"og:image:width\" content=\"800\" \/>\n\t<meta property=\"og:image:height\" content=\"486\" \/>\n\t<meta property=\"og:image:type\" content=\"image\/jpeg\" \/>\n<meta name=\"twitter:card\" content=\"summary_large_image\" \/>\n<meta name=\"twitter:label1\" content=\"Est. reading time\" \/>\n\t<meta name=\"twitter:data1\" content=\"4 minutes\" \/>\n<script type=\"application\/ld+json\" class=\"yoast-schema-graph\">{\"@context\":\"https:\/\/schema.org\",\"@graph\":[{\"@type\":\"WebPage\",\"@id\":\"https:\/\/www.arrogant-frog.com\/en\/my-homeland-the-languedoc\/\",\"url\":\"https:\/\/www.arrogant-frog.com\/en\/my-homeland-the-languedoc\/\",\"name\":\"My Homeland - Arrogant Frog\",\"isPartOf\":{\"@id\":\"https:\/\/www.arrogant-frog.com\/#website\"},\"datePublished\":\"2017-11-29T11:22:02+00:00\",\"dateModified\":\"2017-11-30T08:36:37+00:00\",\"description\":\"Les vins Arrogant Frog naissent en Languedoc, \u00e0 proximit\u00e9 de la mer M\u00e9diterran\u00e9e et de magnifiques sites historiques.\",\"breadcrumb\":{\"@id\":\"https:\/\/www.arrogant-frog.com\/en\/my-homeland-the-languedoc\/#breadcrumb\"},\"inLanguage\":\"en-US\",\"potentialAction\":[{\"@type\":\"ReadAction\",\"target\":[\"https:\/\/www.arrogant-frog.com\/en\/my-homeland-the-languedoc\/\"]}]},{\"@type\":\"BreadcrumbList\",\"@id\":\"https:\/\/www.arrogant-frog.com\/en\/my-homeland-the-languedoc\/#breadcrumb\",\"itemListElement\":[{\"@type\":\"ListItem\",\"position\":1,\"name\":\"Home\",\"item\":\"https:\/\/www.arrogant-frog.com\/en\/\"},{\"@type\":\"ListItem\",\"position\":2,\"name\":\"My Homeland\"}]},{\"@type\":\"WebSite\",\"@id\":\"https:\/\/www.arrogant-frog.com\/#website\",\"url\":\"https:\/\/www.arrogant-frog.com\/\",\"name\":\"Arrogant Frog\",\"description\":\"Arrogant FROG, l&#039;audace d&#039;\u00eatre diff\u00e9rent\",\"publisher\":{\"@id\":\"https:\/\/www.arrogant-frog.com\/#organization\"},\"potentialAction\":[{\"@type\":\"SearchAction\",\"target\":{\"@type\":\"EntryPoint\",\"urlTemplate\":\"https:\/\/www.arrogant-frog.com\/?s={search_term_string}\"},\"query-input\":\"required name=search_term_string\"}],\"inLanguage\":\"en-US\"},{\"@type\":\"Organization\",\"@id\":\"https:\/\/www.arrogant-frog.com\/#organization\",\"name\":\"Arrogant Frog\",\"url\":\"https:\/\/www.arrogant-frog.com\/\",\"logo\":{\"@type\":\"ImageObject\",\"inLanguage\":\"en-US\",\"@id\":\"https:\/\/www.arrogant-frog.com\/#\/schema\/logo\/image\/\",\"url\":\"https:\/\/www.arrogant-frog.com\/wp-content\/uploads\/2014\/03\/vrai1.png\",\"contentUrl\":\"https:\/\/www.arrogant-frog.com\/wp-content\/uploads\/2014\/03\/vrai1.png\",\"width\":250,\"height\":457,\"caption\":\"Arrogant Frog\"},\"image\":{\"@id\":\"https:\/\/www.arrogant-frog.com\/#\/schema\/logo\/image\/\"}}]}<\/script>\n<!-- \/ Yoast SEO plugin. -->","yoast_head_json":{"title":"My Homeland - Arrogant Frog","description":"Les vins Arrogant Frog naissent en Languedoc, \u00e0 proximit\u00e9 de la mer M\u00e9diterran\u00e9e et de magnifiques sites historiques.","robots":{"index":"index","follow":"follow","max-snippet":"max-snippet:-1","max-image-preview":"max-image-preview:large","max-video-preview":"max-video-preview:-1"},"canonical":"https:\/\/www.arrogant-frog.com\/en\/my-homeland-the-languedoc\/","og_locale":"en_US","og_type":"article","og_title":"My Homeland - Arrogant Frog","og_description":"Les vins Arrogant Frog naissent en Languedoc, \u00e0 proximit\u00e9 de la mer M\u00e9diterran\u00e9e et de magnifiques sites historiques.","og_url":"https:\/\/www.arrogant-frog.com\/en\/my-homeland-the-languedoc\/","og_site_name":"Arrogant Frog","article_modified_time":"2017-11-30T08:36:37+00:00","og_image":[{"width":800,"height":486,"url":"https:\/\/www.arrogant-frog.com\/wp-content\/uploads\/2017\/11\/frog-vendanges.jpg","type":"image\/jpeg"}],"twitter_card":"summary_large_image","twitter_misc":{"Est. reading time":"4 minutes"},"schema":{"@context":"https:\/\/schema.org","@graph":[{"@type":"WebPage","@id":"https:\/\/www.arrogant-frog.com\/en\/my-homeland-the-languedoc\/","url":"https:\/\/www.arrogant-frog.com\/en\/my-homeland-the-languedoc\/","name":"My Homeland - Arrogant Frog","isPartOf":{"@id":"https:\/\/www.arrogant-frog.com\/#website"},"datePublished":"2017-11-29T11:22:02+00:00","dateModified":"2017-11-30T08:36:37+00:00","description":"Les vins Arrogant Frog naissent en Languedoc, \u00e0 proximit\u00e9 de la mer M\u00e9diterran\u00e9e et de magnifiques sites historiques.","breadcrumb":{"@id":"https:\/\/www.arrogant-frog.com\/en\/my-homeland-the-languedoc\/#breadcrumb"},"inLanguage":"en-US","potentialAction":[{"@type":"ReadAction","target":["https:\/\/www.arrogant-frog.com\/en\/my-homeland-the-languedoc\/"]}]},{"@type":"BreadcrumbList","@id":"https:\/\/www.arrogant-frog.com\/en\/my-homeland-the-languedoc\/#breadcrumb","itemListElement":[{"@type":"ListItem","position":1,"name":"Home","item":"https:\/\/www.arrogant-frog.com\/en\/"},{"@type":"ListItem","position":2,"name":"My Homeland"}]},{"@type":"WebSite","@id":"https:\/\/www.arrogant-frog.com\/#website","url":"https:\/\/www.arrogant-frog.com\/","name":"Arrogant Frog","description":"Arrogant FROG, l&#039;audace d&#039;\u00eatre diff\u00e9rent","publisher":{"@id":"https:\/\/www.arrogant-frog.com\/#organization"},"potentialAction":[{"@type":"SearchAction","target":{"@type":"EntryPoint","urlTemplate":"https:\/\/www.arrogant-frog.com\/?s={search_term_string}"},"query-input":"required name=search_term_string"}],"inLanguage":"en-US"},{"@type":"Organization","@id":"https:\/\/www.arrogant-frog.com\/#organization","name":"Arrogant Frog","url":"https:\/\/www.arrogant-frog.com\/","logo":{"@type":"ImageObject","inLanguage":"en-US","@id":"https:\/\/www.arrogant-frog.com\/#\/schema\/logo\/image\/","url":"https:\/\/www.arrogant-frog.com\/wp-content\/uploads\/2014\/03\/vrai1.png","contentUrl":"https:\/\/www.arrogant-frog.com\/wp-content\/uploads\/2014\/03\/vrai1.png","width":250,"height":457,"caption":"Arrogant Frog"},"image":{"@id":"https:\/\/www.arrogant-frog.com\/#\/schema\/logo\/image\/"}}]}},"_links":{"self":[{"href":"https:\/\/www.arrogant-frog.com\/en\/wp-json\/wp\/v2\/pages\/205186"}],"collection":[{"href":"https:\/\/www.arrogant-frog.com\/en\/wp-json\/wp\/v2\/pages"}],"about":[{"href":"https:\/\/www.arrogant-frog.com\/en\/wp-json\/wp\/v2\/types\/page"}],"author":[{"embeddable":true,"href":"https:\/\/www.arrogant-frog.com\/en\/wp-json\/wp\/v2\/users\/1"}],"replies":[{"embeddable":true,"href":"https:\/\/www.arrogant-frog.com\/en\/wp-json\/wp\/v2\/comments?post=205186"}],"version-history":[{"count":8,"href":"https:\/\/www.arrogant-frog.com\/en\/wp-json\/wp\/v2\/pages\/205186\/revisions"}],"predecessor-version":[{"id":205244,"href":"https:\/\/www.arrogant-frog.com\/en\/wp-json\/wp\/v2\/pages\/205186\/revisions\/205244"}],"wp:featuredmedia":[{"embeddable":true,"href":"https:\/\/www.arrogant-frog.com\/en\/wp-json\/wp\/v2\/media\/205223"}],"wp:attachment":[{"href":"https:\/\/www.arrogant-frog.com\/en\/wp-json\/wp\/v2\/media?parent=205186"}],"curies":[{"name":"wp","href":"https:\/\/api.w.org\/{rel}","templated":true}]}}