{"id":205165,"date":"2017-11-13T11:59:50","date_gmt":"2017-11-13T10:59:50","guid":{"rendered":"https:\/\/www.arrogant-frog.com\/info\/"},"modified":"2025-11-04T17:29:26","modified_gmt":"2025-11-04T16:29:26","slug":"news-2","status":"publish","type":"page","link":"https:\/\/www.arrogant-frog.com\/en\/news-2\/","title":{"rendered":"News Arrogant Frog"},"content":{"rendered":"<p>[et_pb_section fb_built=&#8221;1&#8243; fullwidth=&#8221;on&#8221; _builder_version=&#8221;4.16&#8243; custom_margin=&#8221;30px||30px|&#8221; global_colors_info=&#8221;{}&#8221;][et_pb_fullwidth_image src=&#8221;https:\/\/www.arrogant-frog.com\/wp-content\/uploads\/2014\/05\/bandeau.gif&#8221; _builder_version=&#8221;4.16&#8243; border_style=&#8221;solid&#8221; global_colors_info=&#8221;{}&#8221;][\/et_pb_fullwidth_image][\/et_pb_section][et_pb_section fb_built=&#8221;1&#8243; _builder_version=&#8221;4.16&#8243; background_color=&#8221;#592041&#8243; global_colors_info=&#8221;{}&#8221;][et_pb_row _builder_version=&#8221;4.16&#8243; background_size=&#8221;initial&#8221; background_position=&#8221;top_left&#8221; background_repeat=&#8221;repeat&#8221; hover_enabled=&#8221;0&#8243; global_colors_info=&#8221;{}&#8221; sticky_enabled=&#8221;0&#8243;][et_pb_column type=&#8221;4_4&#8243; _builder_version=&#8221;4.16&#8243; custom_padding=&#8221;|||&#8221; global_colors_info=&#8221;{}&#8221; custom_padding__hover=&#8221;|||&#8221;][et_pb_blog fullwidth=&#8221;off&#8221; posts_number=&#8221;9&#8243; show_more=&#8221;on&#8221; show_author=&#8221;off&#8221; show_date=&#8221;off&#8221; show_categories=&#8221;off&#8221; use_overlay=&#8221;on&#8221; _builder_version=&#8221;4.27.4&#8243; animation_style=&#8221;fade&#8221; hover_enabled=&#8221;0&#8243; pagination_font_size_tablet=&#8221;51&#8243; pagination_line_height_tablet=&#8221;2&#8243; border_width_all=&#8221;3px&#8221; border_color_all=&#8221;#d8d8d8&#8243; border_style_all=&#8221;solid&#8221; border_width_all_fullwidth=&#8221;3px&#8221; border_color_all_fullwidth=&#8221;#d8d8d8&#8243; border_style_all_fullwidth=&#8221;solid&#8221; box_shadow_style=&#8221;preset1&#8243; box_shadow_vertical=&#8221;1px&#8221; box_shadow_blur=&#8221;5px&#8221; box_shadow_color=&#8221;rgba(0,0,0,.1)&#8221; use_border_color=&#8221;on&#8221; border_width=&#8221;3px&#8221; border_style=&#8221;solid&#8221; use_dropshadow=&#8221;on&#8221; global_colors_info=&#8221;{}&#8221; sticky_enabled=&#8221;0&#8243;][\/et_pb_blog][\/et_pb_column][\/et_pb_row][\/et_pb_section][et_pb_section fb_built=&#8221;1&#8243; fullwidth=&#8221;on&#8221; _builder_version=&#8221;4.16&#8243; custom_margin=&#8221;30px||30px|&#8221; global_colors_info=&#8221;{}&#8221;][et_pb_fullwidth_image src=&#8221;https:\/\/www.arrogant-frog.com\/wp-content\/uploads\/2014\/05\/bandeau.gif&#8221; _builder_version=&#8221;4.16&#8243; border_style=&#8221;solid&#8221; global_colors_info=&#8221;{}&#8221;][\/et_pb_fullwidth_image][\/et_pb_section]<\/p>\n","protected":false},"excerpt":{"rendered":"","protected":false},"author":1,"featured_media":0,"parent":0,"menu_order":0,"comment_status":"closed","ping_status":"closed","template":"","meta":{"_et_pb_use_builder":"on","_et_pb_old_content":"","_et_gb_content_width":"","footnotes":""},"class_list":["post-205165","page","type-page","status-publish","hentry"],"yoast_head":"<!-- This site is optimized with the Yoast SEO plugin v21.5 - https:\/\/yoast.com\/wordpress\/plugins\/seo\/ -->\n<title>News Arrogant Frog - Arrogant Frog<\/title>\n<meta name=\"description\" content=\"Suivez les derni\u00e8res actualit\u00e9s d&#039;Arrogant Frog : des articles sur Jean-Claude Mas, ses vins, sa Frog l\u00e9gendaire... et bien plus encore !\" \/>\n<meta name=\"robots\" content=\"index, follow, max-snippet:-1, max-image-preview:large, max-video-preview:-1\" \/>\n<link rel=\"canonical\" href=\"https:\/\/www.arrogant-frog.com\/en\/news-2\/\" \/>\n<meta property=\"og:locale\" content=\"en_US\" \/>\n<meta property=\"og:type\" content=\"article\" \/>\n<meta property=\"og:title\" content=\"News Arrogant Frog - Arrogant Frog\" \/>\n<meta property=\"og:description\" content=\"Suivez les derni\u00e8res actualit\u00e9s d&#039;Arrogant Frog : des articles sur Jean-Claude Mas, ses vins, sa Frog l\u00e9gendaire... et bien plus encore !\" \/>\n<meta property=\"og:url\" content=\"https:\/\/www.arrogant-frog.com\/en\/news-2\/\" \/>\n<meta property=\"og:site_name\" content=\"Arrogant Frog\" \/>\n<meta property=\"article:modified_time\" content=\"2025-11-04T16:29:26+00:00\" \/>\n<meta name=\"twitter:card\" content=\"summary_large_image\" \/>\n<meta name=\"twitter:label1\" content=\"Est. reading time\" \/>\n\t<meta name=\"twitter:data1\" content=\"1 minute\" \/>\n<script type=\"application\/ld+json\" class=\"yoast-schema-graph\">{\"@context\":\"https:\/\/schema.org\",\"@graph\":[{\"@type\":\"WebPage\",\"@id\":\"https:\/\/www.arrogant-frog.com\/en\/news-2\/\",\"url\":\"https:\/\/www.arrogant-frog.com\/en\/news-2\/\",\"name\":\"News Arrogant Frog - Arrogant Frog\",\"isPartOf\":{\"@id\":\"https:\/\/www.arrogant-frog.com\/#website\"},\"datePublished\":\"2017-11-13T10:59:50+00:00\",\"dateModified\":\"2025-11-04T16:29:26+00:00\",\"description\":\"Suivez les derni\u00e8res actualit\u00e9s d'Arrogant Frog : des articles sur Jean-Claude Mas, ses vins, sa Frog l\u00e9gendaire... et bien plus encore !\",\"breadcrumb\":{\"@id\":\"https:\/\/www.arrogant-frog.com\/en\/news-2\/#breadcrumb\"},\"inLanguage\":\"en-US\",\"potentialAction\":[{\"@type\":\"ReadAction\",\"target\":[\"https:\/\/www.arrogant-frog.com\/en\/news-2\/\"]}]},{\"@type\":\"BreadcrumbList\",\"@id\":\"https:\/\/www.arrogant-frog.com\/en\/news-2\/#breadcrumb\",\"itemListElement\":[{\"@type\":\"ListItem\",\"position\":1,\"name\":\"Home\",\"item\":\"https:\/\/www.arrogant-frog.com\/en\/\"},{\"@type\":\"ListItem\",\"position\":2,\"name\":\"News Arrogant Frog\"}]},{\"@type\":\"WebSite\",\"@id\":\"https:\/\/www.arrogant-frog.com\/#website\",\"url\":\"https:\/\/www.arrogant-frog.com\/\",\"name\":\"Arrogant Frog\",\"description\":\"Arrogant FROG, l&#039;audace d&#039;\u00eatre diff\u00e9rent\",\"publisher\":{\"@id\":\"https:\/\/www.arrogant-frog.com\/#organization\"},\"potentialAction\":[{\"@type\":\"SearchAction\",\"target\":{\"@type\":\"EntryPoint\",\"urlTemplate\":\"https:\/\/www.arrogant-frog.com\/?s={search_term_string}\"},\"query-input\":\"required name=search_term_string\"}],\"inLanguage\":\"en-US\"},{\"@type\":\"Organization\",\"@id\":\"https:\/\/www.arrogant-frog.com\/#organization\",\"name\":\"Arrogant Frog\",\"url\":\"https:\/\/www.arrogant-frog.com\/\",\"logo\":{\"@type\":\"ImageObject\",\"inLanguage\":\"en-US\",\"@id\":\"https:\/\/www.arrogant-frog.com\/#\/schema\/logo\/image\/\",\"url\":\"https:\/\/www.arrogant-frog.com\/wp-content\/uploads\/2014\/03\/vrai1.png\",\"contentUrl\":\"https:\/\/www.arrogant-frog.com\/wp-content\/uploads\/2014\/03\/vrai1.png\",\"width\":250,\"height\":457,\"caption\":\"Arrogant Frog\"},\"image\":{\"@id\":\"https:\/\/www.arrogant-frog.com\/#\/schema\/logo\/image\/\"}}]}<\/script>\n<!-- \/ Yoast SEO plugin. -->","yoast_head_json":{"title":"News Arrogant Frog - Arrogant Frog","description":"Suivez les derni\u00e8res actualit\u00e9s d'Arrogant Frog : des articles sur Jean-Claude Mas, ses vins, sa Frog l\u00e9gendaire... et bien plus encore !","robots":{"index":"index","follow":"follow","max-snippet":"max-snippet:-1","max-image-preview":"max-image-preview:large","max-video-preview":"max-video-preview:-1"},"canonical":"https:\/\/www.arrogant-frog.com\/en\/news-2\/","og_locale":"en_US","og_type":"article","og_title":"News Arrogant Frog - Arrogant Frog","og_description":"Suivez les derni\u00e8res actualit\u00e9s d'Arrogant Frog : des articles sur Jean-Claude Mas, ses vins, sa Frog l\u00e9gendaire... et bien plus encore !","og_url":"https:\/\/www.arrogant-frog.com\/en\/news-2\/","og_site_name":"Arrogant Frog","article_modified_time":"2025-11-04T16:29:26+00:00","twitter_card":"summary_large_image","twitter_misc":{"Est. reading time":"1 minute"},"schema":{"@context":"https:\/\/schema.org","@graph":[{"@type":"WebPage","@id":"https:\/\/www.arrogant-frog.com\/en\/news-2\/","url":"https:\/\/www.arrogant-frog.com\/en\/news-2\/","name":"News Arrogant Frog - Arrogant Frog","isPartOf":{"@id":"https:\/\/www.arrogant-frog.com\/#website"},"datePublished":"2017-11-13T10:59:50+00:00","dateModified":"2025-11-04T16:29:26+00:00","description":"Suivez les derni\u00e8res actualit\u00e9s d'Arrogant Frog : des articles sur Jean-Claude Mas, ses vins, sa Frog l\u00e9gendaire... et bien plus encore !","breadcrumb":{"@id":"https:\/\/www.arrogant-frog.com\/en\/news-2\/#breadcrumb"},"inLanguage":"en-US","potentialAction":[{"@type":"ReadAction","target":["https:\/\/www.arrogant-frog.com\/en\/news-2\/"]}]},{"@type":"BreadcrumbList","@id":"https:\/\/www.arrogant-frog.com\/en\/news-2\/#breadcrumb","itemListElement":[{"@type":"ListItem","position":1,"name":"Home","item":"https:\/\/www.arrogant-frog.com\/en\/"},{"@type":"ListItem","position":2,"name":"News Arrogant Frog"}]},{"@type":"WebSite","@id":"https:\/\/www.arrogant-frog.com\/#website","url":"https:\/\/www.arrogant-frog.com\/","name":"Arrogant Frog","description":"Arrogant FROG, l&#039;audace d&#039;\u00eatre diff\u00e9rent","publisher":{"@id":"https:\/\/www.arrogant-frog.com\/#organization"},"potentialAction":[{"@type":"SearchAction","target":{"@type":"EntryPoint","urlTemplate":"https:\/\/www.arrogant-frog.com\/?s={search_term_string}"},"query-input":"required name=search_term_string"}],"inLanguage":"en-US"},{"@type":"Organization","@id":"https:\/\/www.arrogant-frog.com\/#organization","name":"Arrogant Frog","url":"https:\/\/www.arrogant-frog.com\/","logo":{"@type":"ImageObject","inLanguage":"en-US","@id":"https:\/\/www.arrogant-frog.com\/#\/schema\/logo\/image\/","url":"https:\/\/www.arrogant-frog.com\/wp-content\/uploads\/2014\/03\/vrai1.png","contentUrl":"https:\/\/www.arrogant-frog.com\/wp-content\/uploads\/2014\/03\/vrai1.png","width":250,"height":457,"caption":"Arrogant Frog"},"image":{"@id":"https:\/\/www.arrogant-frog.com\/#\/schema\/logo\/image\/"}}]}},"_links":{"self":[{"href":"https:\/\/www.arrogant-frog.com\/en\/wp-json\/wp\/v2\/pages\/205165"}],"collection":[{"href":"https:\/\/www.arrogant-frog.com\/en\/wp-json\/wp\/v2\/pages"}],"about":[{"href":"https:\/\/www.arrogant-frog.com\/en\/wp-json\/wp\/v2\/types\/page"}],"author":[{"embeddable":true,"href":"https:\/\/www.arrogant-frog.com\/en\/wp-json\/wp\/v2\/users\/1"}],"replies":[{"embeddable":true,"href":"https:\/\/www.arrogant-frog.com\/en\/wp-json\/wp\/v2\/comments?post=205165"}],"version-history":[{"count":8,"href":"https:\/\/www.arrogant-frog.com\/en\/wp-json\/wp\/v2\/pages\/205165\/revisions"}],"predecessor-version":[{"id":207212,"href":"https:\/\/www.arrogant-frog.com\/en\/wp-json\/wp\/v2\/pages\/205165\/revisions\/207212"}],"wp:attachment":[{"href":"https:\/\/www.arrogant-frog.com\/en\/wp-json\/wp\/v2\/media?parent=205165"}],"curies":[{"name":"wp","href":"https:\/\/api.w.org\/{rel}","templated":true}]}}