{"id":205059,"date":"2017-11-24T09:48:48","date_gmt":"2017-11-24T08:48:48","guid":{"rendered":"https:\/\/www.arrogant-frog.com\/chateau-arrogant-frog\/"},"modified":"2017-11-28T12:06:21","modified_gmt":"2017-11-28T11:06:21","slug":"chateau-arrogant-frog","status":"publish","type":"page","link":"https:\/\/www.arrogant-frog.com\/en\/chateau-arrogant-frog\/","title":{"rendered":"Le Ch\u00e2teau Arrogant Frog"},"content":{"rendered":"<p>[et_pb_section bb_built=&#8221;1&#8243; fullwidth=&#8221;on&#8221; specialty=&#8221;off&#8221;][et_pb_fullwidth_image _builder_version=&#8221;3.0.77&#8243; src=&#8221;https:\/\/www.arrogant-frog.com\/wp-content\/uploads\/2014\/05\/bandeau.gif&#8221; show_in_lightbox=&#8221;off&#8221; url_new_window=&#8221;off&#8221; use_overlay=&#8221;off&#8221; border_style=&#8221;solid&#8221; \/][\/et_pb_section][et_pb_section bb_built=&#8221;1&#8243; fullwidth=&#8221;on&#8221; specialty=&#8221;off&#8221;][et_pb_fullwidth_image _builder_version=&#8221;3.0.77&#8243; src=&#8221;https:\/\/www.arrogant-frog.com\/wp-content\/uploads\/2014\/05\/slider08.jpg&#8221; show_in_lightbox=&#8221;off&#8221; url_new_window=&#8221;off&#8221; use_overlay=&#8221;off&#8221; border_style=&#8221;solid&#8221; \/][\/et_pb_section][et_pb_section bb_built=&#8221;1&#8243; fullwidth=&#8221;off&#8221; specialty=&#8221;off&#8221; _builder_version=&#8221;3.0.77&#8243; background_color=&#8221;#592041&#8243;][et_pb_row][et_pb_column type=&#8221;1_4&#8243;][et_pb_image _builder_version=&#8221;3.0.77&#8243; src=&#8221;https:\/\/www.arrogant-frog.com\/wp-content\/uploads\/2014\/05\/Chateau-Arrogant-Frog-Blanc.jpg&#8221; show_in_lightbox=&#8221;off&#8221; url_new_window=&#8221;off&#8221; use_overlay=&#8221;off&#8221; always_center_on_mobile=&#8221;on&#8221; border_style=&#8221;solid&#8221; force_fullwidth=&#8221;off&#8221; show_bottom_space=&#8221;on&#8221; \/][\/et_pb_column][et_pb_column type=&#8221;3_4&#8243;][et_pb_text _builder_version=&#8221;3.0.77&#8243; background_layout=&#8221;dark&#8221; border_style=&#8221;solid&#8221; text_orientation=&#8221;justified&#8221;]<\/p>\n<p class=\"p1\">Ch\u00e2teau Arrogant Frog is made up of 20 hectares in\u00a0<strong><span style=\"color: #ffcc00;\">Grand Cru Limoux<\/span><\/strong> (15 organically farmed and 5 certified by Terra Vitis).<\/p>\n<p class=\"p2\">Located near to the village of Gaja-et-Villedieu, (100 km from the coast), the vineyards are north-facing and at an altitude of 200 metres in the area most influenced by the maritime climate of the Limoux region. The vines are rooted in clay-limestone soils with shale and stoney, clay soils, producing the best grapes that in turn make the prestigious\u00a0<strong><span style=\"color: #ffcc00;\">AOP Limoux et IGP Pays d\u2019Oc wines<\/span><\/strong>.<\/p>\n<p class=\"p1\">Ch\u00e2teau Arrogant Frog Red wines are made from Merlot, Cabernet Sauvignon, Malbec and Syrah, while the white wines are made from Mauzac and Chardonnay \u2013 the vines aged between 11 and 33 years are planted to a density of 6000 vines per hectare and yield 45 hl\/ha. The grapes are hand-harvested whilst the vines are pruned using the Guyot simple and Cordon de Royat methods.<\/p>\n<p class=\"p1\"><strong><span style=\"color: #ffcc00;\">Ch\u00e2teau Arrogant<\/span><\/strong> has won some major awards and the Chardonnay, most notably, is considered a benchmark wine.<\/p>\n<p>[\/et_pb_text][\/et_pb_column][\/et_pb_row][et_pb_row][et_pb_column type=&#8221;4_4&#8243;][et_pb_video _builder_version=&#8221;3.0.77&#8243; src=&#8221;https:\/\/www.youtube.com\/watch?v=Re0PEvxt2mM&#8221; image_src=&#8221;\/\/i.ytimg.com\/vi\/Re0PEvxt2mM\/hqdefault.jpg&#8221; \/][\/et_pb_column][\/et_pb_row][\/et_pb_section][et_pb_section bb_built=&#8221;1&#8243; fullwidth=&#8221;on&#8221; specialty=&#8221;off&#8221;][et_pb_fullwidth_image _builder_version=&#8221;3.0.77&#8243; src=&#8221;https:\/\/www.arrogant-frog.com\/wp-content\/uploads\/2014\/05\/bandeau.gif&#8221; show_in_lightbox=&#8221;off&#8221; url_new_window=&#8221;off&#8221; use_overlay=&#8221;off&#8221; border_style=&#8221;solid&#8221; \/][\/et_pb_section]<\/p>\n","protected":false},"excerpt":{"rendered":"<p><div class=\"et_pb_row et_pb_row_0 et_pb_row_empty\">\n\t\t\t\t\n\t\t\t\t\n\t\t\t\t\n\t\t\t\t\n\t\t\t\t\n\t\t\t<\/div> Ch\u00e2teau Arrogant Frog is made up of 20 hectares in\u00a0Grand Cru Limoux (15 organically farmed and 5 certified by Terra Vitis). Located near to the village of Gaja-et-Villedieu, (100 km from the coast), the vineyards are north-facing and at an altitude of 200 metres in the area most influenced by the maritime climate of [&hellip;]<\/p>\n","protected":false},"author":1,"featured_media":0,"parent":0,"menu_order":0,"comment_status":"closed","ping_status":"closed","template":"","meta":{"_et_pb_use_builder":"on","_et_pb_old_content":"","_et_gb_content_width":"","footnotes":""},"class_list":["post-205059","page","type-page","status-publish","hentry"],"yoast_head":"<!-- This site is optimized with the Yoast SEO plugin v21.5 - https:\/\/yoast.com\/wordpress\/plugins\/seo\/ -->\n<title>Le Ch\u00e2teau Arrogant Frog - Arrogant Frog<\/title>\n<meta name=\"description\" content=\"Le Ch\u00e2teau Arrogant Frog est compos\u00e9 de 20 hectares en Grand Cru Limoux. Ch\u00e2teau Arrogant a re\u00e7u des r\u00e9compenses majeures.\" \/>\n<meta name=\"robots\" content=\"index, follow, max-snippet:-1, max-image-preview:large, max-video-preview:-1\" \/>\n<link rel=\"canonical\" href=\"https:\/\/www.arrogant-frog.com\/en\/chateau-arrogant-frog\/\" \/>\n<meta property=\"og:locale\" content=\"en_US\" \/>\n<meta property=\"og:type\" content=\"article\" \/>\n<meta property=\"og:title\" content=\"Le Ch\u00e2teau Arrogant Frog - Arrogant Frog\" \/>\n<meta property=\"og:description\" content=\"Le Ch\u00e2teau Arrogant Frog est compos\u00e9 de 20 hectares en Grand Cru Limoux. Ch\u00e2teau Arrogant a re\u00e7u des r\u00e9compenses majeures.\" \/>\n<meta property=\"og:url\" content=\"https:\/\/www.arrogant-frog.com\/en\/chateau-arrogant-frog\/\" \/>\n<meta property=\"og:site_name\" content=\"Arrogant Frog\" \/>\n<meta property=\"article:modified_time\" content=\"2017-11-28T11:06:21+00:00\" \/>\n<meta name=\"twitter:card\" content=\"summary_large_image\" \/>\n<meta name=\"twitter:label1\" content=\"Est. reading time\" \/>\n\t<meta name=\"twitter:data1\" content=\"2 minutes\" \/>\n<script type=\"application\/ld+json\" class=\"yoast-schema-graph\">{\"@context\":\"https:\/\/schema.org\",\"@graph\":[{\"@type\":\"WebPage\",\"@id\":\"https:\/\/www.arrogant-frog.com\/en\/chateau-arrogant-frog\/\",\"url\":\"https:\/\/www.arrogant-frog.com\/en\/chateau-arrogant-frog\/\",\"name\":\"Le Ch\u00e2teau Arrogant Frog - Arrogant Frog\",\"isPartOf\":{\"@id\":\"https:\/\/www.arrogant-frog.com\/#website\"},\"datePublished\":\"2017-11-24T08:48:48+00:00\",\"dateModified\":\"2017-11-28T11:06:21+00:00\",\"description\":\"Le Ch\u00e2teau Arrogant Frog est compos\u00e9 de 20 hectares en Grand Cru Limoux. Ch\u00e2teau Arrogant a re\u00e7u des r\u00e9compenses majeures.\",\"breadcrumb\":{\"@id\":\"https:\/\/www.arrogant-frog.com\/en\/chateau-arrogant-frog\/#breadcrumb\"},\"inLanguage\":\"en-US\",\"potentialAction\":[{\"@type\":\"ReadAction\",\"target\":[\"https:\/\/www.arrogant-frog.com\/en\/chateau-arrogant-frog\/\"]}]},{\"@type\":\"BreadcrumbList\",\"@id\":\"https:\/\/www.arrogant-frog.com\/en\/chateau-arrogant-frog\/#breadcrumb\",\"itemListElement\":[{\"@type\":\"ListItem\",\"position\":1,\"name\":\"Home\",\"item\":\"https:\/\/www.arrogant-frog.com\/en\/\"},{\"@type\":\"ListItem\",\"position\":2,\"name\":\"Le Ch\u00e2teau Arrogant Frog\"}]},{\"@type\":\"WebSite\",\"@id\":\"https:\/\/www.arrogant-frog.com\/#website\",\"url\":\"https:\/\/www.arrogant-frog.com\/\",\"name\":\"Arrogant Frog\",\"description\":\"Arrogant FROG, l&#039;audace d&#039;\u00eatre diff\u00e9rent\",\"publisher\":{\"@id\":\"https:\/\/www.arrogant-frog.com\/#organization\"},\"potentialAction\":[{\"@type\":\"SearchAction\",\"target\":{\"@type\":\"EntryPoint\",\"urlTemplate\":\"https:\/\/www.arrogant-frog.com\/?s={search_term_string}\"},\"query-input\":\"required name=search_term_string\"}],\"inLanguage\":\"en-US\"},{\"@type\":\"Organization\",\"@id\":\"https:\/\/www.arrogant-frog.com\/#organization\",\"name\":\"Arrogant Frog\",\"url\":\"https:\/\/www.arrogant-frog.com\/\",\"logo\":{\"@type\":\"ImageObject\",\"inLanguage\":\"en-US\",\"@id\":\"https:\/\/www.arrogant-frog.com\/#\/schema\/logo\/image\/\",\"url\":\"https:\/\/www.arrogant-frog.com\/wp-content\/uploads\/2014\/03\/vrai1.png\",\"contentUrl\":\"https:\/\/www.arrogant-frog.com\/wp-content\/uploads\/2014\/03\/vrai1.png\",\"width\":250,\"height\":457,\"caption\":\"Arrogant Frog\"},\"image\":{\"@id\":\"https:\/\/www.arrogant-frog.com\/#\/schema\/logo\/image\/\"}}]}<\/script>\n<!-- \/ Yoast SEO plugin. -->","yoast_head_json":{"title":"Le Ch\u00e2teau Arrogant Frog - Arrogant Frog","description":"Le Ch\u00e2teau Arrogant Frog est compos\u00e9 de 20 hectares en Grand Cru Limoux. Ch\u00e2teau Arrogant a re\u00e7u des r\u00e9compenses majeures.","robots":{"index":"index","follow":"follow","max-snippet":"max-snippet:-1","max-image-preview":"max-image-preview:large","max-video-preview":"max-video-preview:-1"},"canonical":"https:\/\/www.arrogant-frog.com\/en\/chateau-arrogant-frog\/","og_locale":"en_US","og_type":"article","og_title":"Le Ch\u00e2teau Arrogant Frog - Arrogant Frog","og_description":"Le Ch\u00e2teau Arrogant Frog est compos\u00e9 de 20 hectares en Grand Cru Limoux. Ch\u00e2teau Arrogant a re\u00e7u des r\u00e9compenses majeures.","og_url":"https:\/\/www.arrogant-frog.com\/en\/chateau-arrogant-frog\/","og_site_name":"Arrogant Frog","article_modified_time":"2017-11-28T11:06:21+00:00","twitter_card":"summary_large_image","twitter_misc":{"Est. reading time":"2 minutes"},"schema":{"@context":"https:\/\/schema.org","@graph":[{"@type":"WebPage","@id":"https:\/\/www.arrogant-frog.com\/en\/chateau-arrogant-frog\/","url":"https:\/\/www.arrogant-frog.com\/en\/chateau-arrogant-frog\/","name":"Le Ch\u00e2teau Arrogant Frog - Arrogant Frog","isPartOf":{"@id":"https:\/\/www.arrogant-frog.com\/#website"},"datePublished":"2017-11-24T08:48:48+00:00","dateModified":"2017-11-28T11:06:21+00:00","description":"Le Ch\u00e2teau Arrogant Frog est compos\u00e9 de 20 hectares en Grand Cru Limoux. Ch\u00e2teau Arrogant a re\u00e7u des r\u00e9compenses majeures.","breadcrumb":{"@id":"https:\/\/www.arrogant-frog.com\/en\/chateau-arrogant-frog\/#breadcrumb"},"inLanguage":"en-US","potentialAction":[{"@type":"ReadAction","target":["https:\/\/www.arrogant-frog.com\/en\/chateau-arrogant-frog\/"]}]},{"@type":"BreadcrumbList","@id":"https:\/\/www.arrogant-frog.com\/en\/chateau-arrogant-frog\/#breadcrumb","itemListElement":[{"@type":"ListItem","position":1,"name":"Home","item":"https:\/\/www.arrogant-frog.com\/en\/"},{"@type":"ListItem","position":2,"name":"Le Ch\u00e2teau Arrogant Frog"}]},{"@type":"WebSite","@id":"https:\/\/www.arrogant-frog.com\/#website","url":"https:\/\/www.arrogant-frog.com\/","name":"Arrogant Frog","description":"Arrogant FROG, l&#039;audace d&#039;\u00eatre diff\u00e9rent","publisher":{"@id":"https:\/\/www.arrogant-frog.com\/#organization"},"potentialAction":[{"@type":"SearchAction","target":{"@type":"EntryPoint","urlTemplate":"https:\/\/www.arrogant-frog.com\/?s={search_term_string}"},"query-input":"required name=search_term_string"}],"inLanguage":"en-US"},{"@type":"Organization","@id":"https:\/\/www.arrogant-frog.com\/#organization","name":"Arrogant Frog","url":"https:\/\/www.arrogant-frog.com\/","logo":{"@type":"ImageObject","inLanguage":"en-US","@id":"https:\/\/www.arrogant-frog.com\/#\/schema\/logo\/image\/","url":"https:\/\/www.arrogant-frog.com\/wp-content\/uploads\/2014\/03\/vrai1.png","contentUrl":"https:\/\/www.arrogant-frog.com\/wp-content\/uploads\/2014\/03\/vrai1.png","width":250,"height":457,"caption":"Arrogant Frog"},"image":{"@id":"https:\/\/www.arrogant-frog.com\/#\/schema\/logo\/image\/"}}]}},"_links":{"self":[{"href":"https:\/\/www.arrogant-frog.com\/en\/wp-json\/wp\/v2\/pages\/205059"}],"collection":[{"href":"https:\/\/www.arrogant-frog.com\/en\/wp-json\/wp\/v2\/pages"}],"about":[{"href":"https:\/\/www.arrogant-frog.com\/en\/wp-json\/wp\/v2\/types\/page"}],"author":[{"embeddable":true,"href":"https:\/\/www.arrogant-frog.com\/en\/wp-json\/wp\/v2\/users\/1"}],"replies":[{"embeddable":true,"href":"https:\/\/www.arrogant-frog.com\/en\/wp-json\/wp\/v2\/comments?post=205059"}],"version-history":[{"count":2,"href":"https:\/\/www.arrogant-frog.com\/en\/wp-json\/wp\/v2\/pages\/205059\/revisions"}],"predecessor-version":[{"id":205064,"href":"https:\/\/www.arrogant-frog.com\/en\/wp-json\/wp\/v2\/pages\/205059\/revisions\/205064"}],"wp:attachment":[{"href":"https:\/\/www.arrogant-frog.com\/en\/wp-json\/wp\/v2\/media?parent=205059"}],"curies":[{"name":"wp","href":"https:\/\/api.w.org\/{rel}","templated":true}]}}