{"id":1976,"date":"2014-05-20T10:26:56","date_gmt":"2014-05-20T09:26:56","guid":{"rendered":"http:\/\/arrogantfrog.drakkarweb.com\/le-humble-winemaker-2\/"},"modified":"2018-02-12T10:35:02","modified_gmt":"2018-02-12T09:35:02","slug":"the-humble-winemaker","status":"publish","type":"page","link":"https:\/\/www.arrogant-frog.com\/en\/the-humble-winemaker\/","title":{"rendered":"Humble Winemaker"},"content":{"rendered":"<p>[et_pb_section bb_built=&#8221;1&#8243; fullwidth=&#8221;on&#8221; specialty=&#8221;off&#8221;][et_pb_fullwidth_image _builder_version=&#8221;3.0.77&#8243; src=&#8221;https:\/\/www.arrogant-frog.com\/wp-content\/uploads\/2014\/05\/bandeau.gif&#8221; show_in_lightbox=&#8221;off&#8221; url_new_window=&#8221;off&#8221; use_overlay=&#8221;off&#8221; border_style=&#8221;solid&#8221; \/][\/et_pb_section][et_pb_section bb_built=&#8221;1&#8243; fullwidth=&#8221;off&#8221; specialty=&#8221;off&#8221; _builder_version=&#8221;3.0.77&#8243; background_color=&#8221;#592041&#8243;][et_pb_row][et_pb_column type=&#8221;4_4&#8243;][et_pb_text _builder_version=&#8221;3.0.77&#8243; background_layout=&#8221;dark&#8221; border_style=&#8221;solid&#8221; text_line_height=&#8221;1.9em&#8221; text_orientation=&#8221;justified&#8221; module_alignment=&#8221;justified&#8221;]<\/p>\n<p>As the fourth generation wine grower, Jean-Claude Mas, <strong><span style=\"color: #ffcc00;\">The Humble Winemaker<\/span><\/strong>,was born in a total wine growing environment in the Languedoc in the town of\u00a0<strong><span style=\"color: #ffcc00;\">P\u00e9zenas<\/span><\/strong><\/p>\n<blockquote><p>At the age of 3,during vintage, and in spite of all dangers due to his very young age, he escaped from his mother and walked 1.5 miles in order to go the cellar where his grandfather and father were fermenting the new wines. Since then the interest and passion for wine hasn\u2019t stopped.<\/p><\/blockquote>\n<p>In the beginning of the 90\u2019s he was involved with wines like Ch\u00e2teau Pape Cl\u00e9ment or Ch\u00e2teau Talbot in Bordeaux where he worked for 4 years. This experience was critical in his approach to <strong><span style=\"color: #ffcc00;\">great wines<\/span><\/strong> tanks to the famous Bordeaux vintners he worked with.<\/p>\n<blockquote><p>In the mid 90\u2019s he went back to his roots\u00a0: while being a Director at a large winery in the south of france renowned for the quality of its varietal wines, he thn preared the first blends to be bottled the family estate. The first bottle of wine under his family name was a 1995 wich today drinks exceptionally well.<\/p><\/blockquote>\n<p><span class=\"texto-izq\">Jean-Claude Mas is often described as one of the pioneers of the \u00a0\u00ab <strong><span style=\"color: #ffcc00;\">new Languedoc<\/span><\/strong> \u00bb or the \u00ab new age \u00bb of wine in France, one of those who work to restore the status of the region where wine culture is older than 2000 years.<\/span><\/p>\n<p>He now exports <strong><span style=\"color: #ffcc00;\">&#8220;Luxe Rural&#8221;<\/span><\/strong> to share its values way outside of Languedoc.<\/p>\n<p>[\/et_pb_text][et_pb_image _builder_version=&#8221;3.0.77&#8243; src=&#8221;https:\/\/www.arrogant-frog.com\/wp-content\/uploads\/2014\/05\/jcmas.jpg&#8221; show_in_lightbox=&#8221;off&#8221; url_new_window=&#8221;off&#8221; use_overlay=&#8221;off&#8221; always_center_on_mobile=&#8221;on&#8221; border_style=&#8221;solid&#8221; force_fullwidth=&#8221;off&#8221; show_bottom_space=&#8221;on&#8221; \/][\/et_pb_column][\/et_pb_row][et_pb_row][et_pb_column type=&#8221;4_4&#8243;][et_pb_testimonial _builder_version=&#8221;3.0.77&#8243; author=&#8221;Jean-Claude Mas&#8221; job_title=&#8221;The Humble Winemaker&#8221; portrait_url=&#8221;https:\/\/www.arrogant-frog.com\/wp-content\/uploads\/2014\/03\/vrai1.png&#8221; url_new_window=&#8221;off&#8221; quote_icon=&#8221;on&#8221; use_background_color=&#8221;on&#8221; quote_icon_background_color=&#8221;#f5f5f5&#8243; background_layout=&#8221;light&#8221; border_style=&#8221;solid&#8221;]<\/p>\n<p><span class=\"s1\">\u201c<\/span>Luxe Rural\u201d (Everyday Luxury)&nbsp;sums up our culture and philosophy.&nbsp;With the greatest respect for our rural&nbsp;roots, we aim for perfection. Our wines&nbsp;are the result of our mission to inspire&nbsp;real emotions.<\/p>\n<p>[\/et_pb_testimonial][\/et_pb_column][\/et_pb_row][\/et_pb_section][et_pb_section bb_built=&#8221;1&#8243; fullwidth=&#8221;on&#8221; specialty=&#8221;off&#8221;][et_pb_fullwidth_image _builder_version=&#8221;3.0.77&#8243; src=&#8221;https:\/\/www.arrogant-frog.com\/wp-content\/uploads\/2014\/05\/bandeau.gif&#8221; show_in_lightbox=&#8221;off&#8221; url_new_window=&#8221;off&#8221; use_overlay=&#8221;off&#8221; border_style=&#8221;solid&#8221; \/][\/et_pb_section]<\/p>\n","protected":false},"excerpt":{"rendered":"<p><div class=\"et_pb_row et_pb_row_0 et_pb_row_empty\">\n\t\t\t\t\n\t\t\t\t\n\t\t\t\t\n\t\t\t\t\n\t\t\t\t\n\t\t\t<\/div> As the fourth generation wine grower, Jean-Claude Mas, The Humble Winemaker,was born in a total wine growing environment in the Languedoc in the town of\u00a0P\u00e9zenas At the age of 3,during vintage, and in spite of all dangers due to his very young age, he escaped from his mother and walked 1.5 miles in order [&hellip;]<\/p>\n","protected":false},"author":1,"featured_media":0,"parent":0,"menu_order":0,"comment_status":"open","ping_status":"open","template":"","meta":{"_et_pb_use_builder":"on","_et_pb_old_content":"","_et_gb_content_width":"","footnotes":""},"class_list":["post-1976","page","type-page","status-publish","hentry"],"yoast_head":"<!-- This site is optimized with the Yoast SEO plugin v21.5 - https:\/\/yoast.com\/wordpress\/plugins\/seo\/ -->\n<title>Le Humble WINEMAKER - Arrogant FROG<\/title>\n<meta name=\"description\" content=\"Aujourd\u2019hui le \u00ab Humble Winemaker \u00bb g\u00e8re pr\u00e8s de 50 hectares de vignes (1730 acres) et 2 propri\u00e9t\u00e9s. Pour lui, tout se joue dans le vignoble, et seule la recherche des meilleurs raisins pourra produire les meilleurs vins.\" \/>\n<meta name=\"robots\" content=\"index, follow, max-snippet:-1, max-image-preview:large, max-video-preview:-1\" \/>\n<link rel=\"canonical\" href=\"https:\/\/www.arrogant-frog.com\/en\/the-humble-winemaker\/\" \/>\n<meta property=\"og:locale\" content=\"en_US\" \/>\n<meta property=\"og:type\" content=\"article\" \/>\n<meta property=\"og:title\" content=\"Le Humble WINEMAKER - Arrogant FROG\" \/>\n<meta property=\"og:description\" content=\"Aujourd\u2019hui le \u00ab Humble Winemaker \u00bb g\u00e8re pr\u00e8s de 50 hectares de vignes (1730 acres) et 2 propri\u00e9t\u00e9s. Pour lui, tout se joue dans le vignoble, et seule la recherche des meilleurs raisins pourra produire les meilleurs vins.\" \/>\n<meta property=\"og:url\" content=\"https:\/\/www.arrogant-frog.com\/en\/the-humble-winemaker\/\" \/>\n<meta property=\"og:site_name\" content=\"Arrogant Frog\" \/>\n<meta property=\"article:modified_time\" content=\"2018-02-12T09:35:02+00:00\" \/>\n<meta name=\"twitter:card\" content=\"summary_large_image\" \/>\n<meta name=\"twitter:label1\" content=\"Est. reading time\" \/>\n\t<meta name=\"twitter:data1\" content=\"3 minutes\" \/>\n<script type=\"application\/ld+json\" class=\"yoast-schema-graph\">{\"@context\":\"https:\/\/schema.org\",\"@graph\":[{\"@type\":\"WebPage\",\"@id\":\"https:\/\/www.arrogant-frog.com\/en\/the-humble-winemaker\/\",\"url\":\"https:\/\/www.arrogant-frog.com\/en\/the-humble-winemaker\/\",\"name\":\"Le Humble WINEMAKER - Arrogant FROG\",\"isPartOf\":{\"@id\":\"https:\/\/www.arrogant-frog.com\/#website\"},\"datePublished\":\"2014-05-20T09:26:56+00:00\",\"dateModified\":\"2018-02-12T09:35:02+00:00\",\"description\":\"Aujourd\u2019hui le \u00ab Humble Winemaker \u00bb g\u00e8re pr\u00e8s de 50 hectares de vignes (1730 acres) et 2 propri\u00e9t\u00e9s. Pour lui, tout se joue dans le vignoble, et seule la recherche des meilleurs raisins pourra produire les meilleurs vins.\",\"breadcrumb\":{\"@id\":\"https:\/\/www.arrogant-frog.com\/en\/the-humble-winemaker\/#breadcrumb\"},\"inLanguage\":\"en-US\",\"potentialAction\":[{\"@type\":\"ReadAction\",\"target\":[\"https:\/\/www.arrogant-frog.com\/en\/the-humble-winemaker\/\"]}]},{\"@type\":\"BreadcrumbList\",\"@id\":\"https:\/\/www.arrogant-frog.com\/en\/the-humble-winemaker\/#breadcrumb\",\"itemListElement\":[{\"@type\":\"ListItem\",\"position\":1,\"name\":\"Home\",\"item\":\"https:\/\/www.arrogant-frog.com\/en\/\"},{\"@type\":\"ListItem\",\"position\":2,\"name\":\"Humble Winemaker\"}]},{\"@type\":\"WebSite\",\"@id\":\"https:\/\/www.arrogant-frog.com\/#website\",\"url\":\"https:\/\/www.arrogant-frog.com\/\",\"name\":\"Arrogant Frog\",\"description\":\"Arrogant FROG, l&#039;audace d&#039;\u00eatre diff\u00e9rent\",\"publisher\":{\"@id\":\"https:\/\/www.arrogant-frog.com\/#organization\"},\"potentialAction\":[{\"@type\":\"SearchAction\",\"target\":{\"@type\":\"EntryPoint\",\"urlTemplate\":\"https:\/\/www.arrogant-frog.com\/?s={search_term_string}\"},\"query-input\":\"required name=search_term_string\"}],\"inLanguage\":\"en-US\"},{\"@type\":\"Organization\",\"@id\":\"https:\/\/www.arrogant-frog.com\/#organization\",\"name\":\"Arrogant Frog\",\"url\":\"https:\/\/www.arrogant-frog.com\/\",\"logo\":{\"@type\":\"ImageObject\",\"inLanguage\":\"en-US\",\"@id\":\"https:\/\/www.arrogant-frog.com\/#\/schema\/logo\/image\/\",\"url\":\"https:\/\/www.arrogant-frog.com\/wp-content\/uploads\/2014\/03\/vrai1.png\",\"contentUrl\":\"https:\/\/www.arrogant-frog.com\/wp-content\/uploads\/2014\/03\/vrai1.png\",\"width\":250,\"height\":457,\"caption\":\"Arrogant Frog\"},\"image\":{\"@id\":\"https:\/\/www.arrogant-frog.com\/#\/schema\/logo\/image\/\"}}]}<\/script>\n<!-- \/ Yoast SEO plugin. -->","yoast_head_json":{"title":"Le Humble WINEMAKER - Arrogant FROG","description":"Aujourd\u2019hui le \u00ab Humble Winemaker \u00bb g\u00e8re pr\u00e8s de 50 hectares de vignes (1730 acres) et 2 propri\u00e9t\u00e9s. Pour lui, tout se joue dans le vignoble, et seule la recherche des meilleurs raisins pourra produire les meilleurs vins.","robots":{"index":"index","follow":"follow","max-snippet":"max-snippet:-1","max-image-preview":"max-image-preview:large","max-video-preview":"max-video-preview:-1"},"canonical":"https:\/\/www.arrogant-frog.com\/en\/the-humble-winemaker\/","og_locale":"en_US","og_type":"article","og_title":"Le Humble WINEMAKER - Arrogant FROG","og_description":"Aujourd\u2019hui le \u00ab Humble Winemaker \u00bb g\u00e8re pr\u00e8s de 50 hectares de vignes (1730 acres) et 2 propri\u00e9t\u00e9s. Pour lui, tout se joue dans le vignoble, et seule la recherche des meilleurs raisins pourra produire les meilleurs vins.","og_url":"https:\/\/www.arrogant-frog.com\/en\/the-humble-winemaker\/","og_site_name":"Arrogant Frog","article_modified_time":"2018-02-12T09:35:02+00:00","twitter_card":"summary_large_image","twitter_misc":{"Est. reading time":"3 minutes"},"schema":{"@context":"https:\/\/schema.org","@graph":[{"@type":"WebPage","@id":"https:\/\/www.arrogant-frog.com\/en\/the-humble-winemaker\/","url":"https:\/\/www.arrogant-frog.com\/en\/the-humble-winemaker\/","name":"Le Humble WINEMAKER - Arrogant FROG","isPartOf":{"@id":"https:\/\/www.arrogant-frog.com\/#website"},"datePublished":"2014-05-20T09:26:56+00:00","dateModified":"2018-02-12T09:35:02+00:00","description":"Aujourd\u2019hui le \u00ab Humble Winemaker \u00bb g\u00e8re pr\u00e8s de 50 hectares de vignes (1730 acres) et 2 propri\u00e9t\u00e9s. Pour lui, tout se joue dans le vignoble, et seule la recherche des meilleurs raisins pourra produire les meilleurs vins.","breadcrumb":{"@id":"https:\/\/www.arrogant-frog.com\/en\/the-humble-winemaker\/#breadcrumb"},"inLanguage":"en-US","potentialAction":[{"@type":"ReadAction","target":["https:\/\/www.arrogant-frog.com\/en\/the-humble-winemaker\/"]}]},{"@type":"BreadcrumbList","@id":"https:\/\/www.arrogant-frog.com\/en\/the-humble-winemaker\/#breadcrumb","itemListElement":[{"@type":"ListItem","position":1,"name":"Home","item":"https:\/\/www.arrogant-frog.com\/en\/"},{"@type":"ListItem","position":2,"name":"Humble Winemaker"}]},{"@type":"WebSite","@id":"https:\/\/www.arrogant-frog.com\/#website","url":"https:\/\/www.arrogant-frog.com\/","name":"Arrogant Frog","description":"Arrogant FROG, l&#039;audace d&#039;\u00eatre diff\u00e9rent","publisher":{"@id":"https:\/\/www.arrogant-frog.com\/#organization"},"potentialAction":[{"@type":"SearchAction","target":{"@type":"EntryPoint","urlTemplate":"https:\/\/www.arrogant-frog.com\/?s={search_term_string}"},"query-input":"required name=search_term_string"}],"inLanguage":"en-US"},{"@type":"Organization","@id":"https:\/\/www.arrogant-frog.com\/#organization","name":"Arrogant Frog","url":"https:\/\/www.arrogant-frog.com\/","logo":{"@type":"ImageObject","inLanguage":"en-US","@id":"https:\/\/www.arrogant-frog.com\/#\/schema\/logo\/image\/","url":"https:\/\/www.arrogant-frog.com\/wp-content\/uploads\/2014\/03\/vrai1.png","contentUrl":"https:\/\/www.arrogant-frog.com\/wp-content\/uploads\/2014\/03\/vrai1.png","width":250,"height":457,"caption":"Arrogant Frog"},"image":{"@id":"https:\/\/www.arrogant-frog.com\/#\/schema\/logo\/image\/"}}]}},"_links":{"self":[{"href":"https:\/\/www.arrogant-frog.com\/en\/wp-json\/wp\/v2\/pages\/1976"}],"collection":[{"href":"https:\/\/www.arrogant-frog.com\/en\/wp-json\/wp\/v2\/pages"}],"about":[{"href":"https:\/\/www.arrogant-frog.com\/en\/wp-json\/wp\/v2\/types\/page"}],"author":[{"embeddable":true,"href":"https:\/\/www.arrogant-frog.com\/en\/wp-json\/wp\/v2\/users\/1"}],"replies":[{"embeddable":true,"href":"https:\/\/www.arrogant-frog.com\/en\/wp-json\/wp\/v2\/comments?post=1976"}],"version-history":[{"count":10,"href":"https:\/\/www.arrogant-frog.com\/en\/wp-json\/wp\/v2\/pages\/1976\/revisions"}],"predecessor-version":[{"id":205473,"href":"https:\/\/www.arrogant-frog.com\/en\/wp-json\/wp\/v2\/pages\/1976\/revisions\/205473"}],"wp:attachment":[{"href":"https:\/\/www.arrogant-frog.com\/en\/wp-json\/wp\/v2\/media?parent=1976"}],"curies":[{"name":"wp","href":"https:\/\/api.w.org\/{rel}","templated":true}]}}