{"id":1961,"date":"2014-05-20T12:50:13","date_gmt":"2014-05-20T11:50:13","guid":{"rendered":"http:\/\/arrogantfrog.drakkarweb.com\/laudace-detre-different-2\/"},"modified":"2018-02-12T10:54:27","modified_gmt":"2018-02-12T09:54:27","slug":"daring-to-be-different","status":"publish","type":"page","link":"https:\/\/www.arrogant-frog.com\/en\/daring-to-be-different\/","title":{"rendered":"Daring to be different"},"content":{"rendered":"<p>[et_pb_section bb_built=&#8221;1&#8243; fullwidth=&#8221;on&#8221; specialty=&#8221;off&#8221;][et_pb_fullwidth_image _builder_version=&#8221;3.0.77&#8243; src=&#8221;https:\/\/www.arrogant-frog.com\/wp-content\/uploads\/2014\/05\/bandeau.gif&#8221; show_in_lightbox=&#8221;off&#8221; url_new_window=&#8221;off&#8221; use_overlay=&#8221;off&#8221; border_style=&#8221;solid&#8221; \/][et_pb_fullwidth_image _builder_version=&#8221;3.0.77&#8243; src=&#8221;https:\/\/www.arrogant-frog.com\/wp-content\/uploads\/2014\/05\/montage-frise-nb2.jpg&#8221; show_in_lightbox=&#8221;off&#8221; url_new_window=&#8221;off&#8221; use_overlay=&#8221;off&#8221; border_style=&#8221;solid&#8221; \/][\/et_pb_section][et_pb_section bb_built=&#8221;1&#8243; fullwidth=&#8221;off&#8221; specialty=&#8221;off&#8221; _builder_version=&#8221;3.0.77&#8243; background_color=&#8221;#592041&#8243;][et_pb_row][et_pb_column type=&#8221;1_4&#8243;][et_pb_image _builder_version=&#8221;3.0.77&#8243; src=&#8221;https:\/\/www.arrogant-frog.com\/wp-content\/uploads\/2018\/02\/arrogant-frog-anime.gif&#8221; show_in_lightbox=&#8221;off&#8221; url_new_window=&#8221;off&#8221; use_overlay=&#8221;off&#8221; always_center_on_mobile=&#8221;on&#8221; border_style=&#8221;solid&#8221; force_fullwidth=&#8221;off&#8221; show_bottom_space=&#8221;on&#8221; \/][\/et_pb_column][et_pb_column type=&#8221;3_4&#8243;][et_pb_text _builder_version=&#8221;3.0.77&#8243; background_layout=&#8221;dark&#8221; border_style=&#8221;solid&#8221; text_orientation=&#8221;justified&#8221; module_alignment=&#8221;justified&#8221;]<\/p>\n<h1>The style<\/h1>\n<p>Arrogant Frog is also a bold graphic style and different where humor holds a major place.<\/p>\n<p>Our Frog plays multiple roles, in situations whether poetics or playing sports without ever loosing its <strong><span style=\"color: #ffcc00;\">French Elegance<\/span><\/strong>.<\/p>\n<p>&nbsp;<\/p>\n<p>[\/et_pb_text][\/et_pb_column][\/et_pb_row][et_pb_row][et_pb_column type=&#8221;4_4&#8243;][et_pb_image _builder_version=&#8221;3.0.77&#8243; src=&#8221;https:\/\/www.arrogant-frog.com\/wp-content\/uploads\/2014\/05\/illustration_papier4.jpg&#8221; show_in_lightbox=&#8221;off&#8221; url_new_window=&#8221;off&#8221; use_overlay=&#8221;off&#8221; always_center_on_mobile=&#8221;on&#8221; border_style=&#8221;solid&#8221; force_fullwidth=&#8221;off&#8221; show_bottom_space=&#8221;on&#8221; \/][\/et_pb_column][\/et_pb_row][\/et_pb_section][et_pb_section bb_built=&#8221;1&#8243; fullwidth=&#8221;on&#8221; specialty=&#8221;off&#8221;][et_pb_fullwidth_image _builder_version=&#8221;3.0.77&#8243; src=&#8221;https:\/\/www.arrogant-frog.com\/wp-content\/uploads\/2014\/05\/bandeau.gif&#8221; show_in_lightbox=&#8221;off&#8221; url_new_window=&#8221;off&#8221; use_overlay=&#8221;off&#8221; border_style=&#8221;solid&#8221; \/][\/et_pb_section]<\/p>\n","protected":false},"excerpt":{"rendered":"<p><div class=\"et_pb_row et_pb_row_0 et_pb_row_empty\">\n\t\t\t\t\n\t\t\t\t\n\t\t\t\t\n\t\t\t\t\n\t\t\t\t\n\t\t\t<\/div> The style Arrogant Frog is also a bold graphic style and different where humor holds a major place. Our Frog plays multiple roles, in situations whether poetics or playing sports without ever loosing its French Elegance. &nbsp; <div class=\"et_pb_row et_pb_row_1 et_pb_row_empty\">\n\t\t\t\t\n\t\t\t\t\n\t\t\t\t\n\t\t\t\t\n\t\t\t\t\n\t\t\t<\/div><\/p>\n","protected":false},"author":1,"featured_media":0,"parent":0,"menu_order":0,"comment_status":"open","ping_status":"open","template":"","meta":{"_et_pb_use_builder":"on","_et_pb_old_content":"","_et_gb_content_width":"","footnotes":""},"class_list":["post-1961","page","type-page","status-publish","hentry"],"yoast_head":"<!-- This site is optimized with the Yoast SEO plugin v21.5 - https:\/\/yoast.com\/wordpress\/plugins\/seo\/ -->\n<title>L&#039;audace d&#039;\u00eatre diff\u00e9rent - Arrogant FROG<\/title>\n<meta name=\"description\" content=\"L\u2019audace d&#039;\u00eatre diff\u00e9rent : \u00ab Le vignoble est le lieu d\u2019o\u00f9 vient l\u2019inspiration, l\u00e0 o\u00f9 on se forge l\u2019image approximative de la personnalit\u00e9 et du caract\u00e8re du vin ; tout cela d\u00e9pend de nos raisins, fruits de 12 mois de travail \u00bb.\" \/>\n<meta name=\"robots\" content=\"index, follow, max-snippet:-1, max-image-preview:large, max-video-preview:-1\" \/>\n<link rel=\"canonical\" href=\"https:\/\/www.arrogant-frog.com\/en\/daring-to-be-different\/\" \/>\n<meta property=\"og:locale\" content=\"en_US\" \/>\n<meta property=\"og:type\" content=\"article\" \/>\n<meta property=\"og:title\" content=\"L&#039;audace d&#039;\u00eatre diff\u00e9rent - Arrogant FROG\" \/>\n<meta property=\"og:description\" content=\"L\u2019audace d&#039;\u00eatre diff\u00e9rent : \u00ab Le vignoble est le lieu d\u2019o\u00f9 vient l\u2019inspiration, l\u00e0 o\u00f9 on se forge l\u2019image approximative de la personnalit\u00e9 et du caract\u00e8re du vin ; tout cela d\u00e9pend de nos raisins, fruits de 12 mois de travail \u00bb.\" \/>\n<meta property=\"og:url\" content=\"https:\/\/www.arrogant-frog.com\/en\/daring-to-be-different\/\" \/>\n<meta property=\"og:site_name\" content=\"Arrogant Frog\" \/>\n<meta property=\"article:modified_time\" content=\"2018-02-12T09:54:27+00:00\" \/>\n<meta name=\"twitter:card\" content=\"summary_large_image\" \/>\n<meta name=\"twitter:label1\" content=\"Est. reading time\" \/>\n\t<meta name=\"twitter:data1\" content=\"1 minute\" \/>\n<script type=\"application\/ld+json\" class=\"yoast-schema-graph\">{\"@context\":\"https:\/\/schema.org\",\"@graph\":[{\"@type\":\"WebPage\",\"@id\":\"https:\/\/www.arrogant-frog.com\/en\/daring-to-be-different\/\",\"url\":\"https:\/\/www.arrogant-frog.com\/en\/daring-to-be-different\/\",\"name\":\"L'audace d'\u00eatre diff\u00e9rent - Arrogant FROG\",\"isPartOf\":{\"@id\":\"https:\/\/www.arrogant-frog.com\/#website\"},\"datePublished\":\"2014-05-20T11:50:13+00:00\",\"dateModified\":\"2018-02-12T09:54:27+00:00\",\"description\":\"L\u2019audace d'\u00eatre diff\u00e9rent : \u00ab Le vignoble est le lieu d\u2019o\u00f9 vient l\u2019inspiration, l\u00e0 o\u00f9 on se forge l\u2019image approximative de la personnalit\u00e9 et du caract\u00e8re du vin ; tout cela d\u00e9pend de nos raisins, fruits de 12 mois de travail \u00bb.\",\"breadcrumb\":{\"@id\":\"https:\/\/www.arrogant-frog.com\/en\/daring-to-be-different\/#breadcrumb\"},\"inLanguage\":\"en-US\",\"potentialAction\":[{\"@type\":\"ReadAction\",\"target\":[\"https:\/\/www.arrogant-frog.com\/en\/daring-to-be-different\/\"]}]},{\"@type\":\"BreadcrumbList\",\"@id\":\"https:\/\/www.arrogant-frog.com\/en\/daring-to-be-different\/#breadcrumb\",\"itemListElement\":[{\"@type\":\"ListItem\",\"position\":1,\"name\":\"Home\",\"item\":\"https:\/\/www.arrogant-frog.com\/en\/\"},{\"@type\":\"ListItem\",\"position\":2,\"name\":\"Daring to be different\"}]},{\"@type\":\"WebSite\",\"@id\":\"https:\/\/www.arrogant-frog.com\/#website\",\"url\":\"https:\/\/www.arrogant-frog.com\/\",\"name\":\"Arrogant Frog\",\"description\":\"Arrogant FROG, l&#039;audace d&#039;\u00eatre diff\u00e9rent\",\"publisher\":{\"@id\":\"https:\/\/www.arrogant-frog.com\/#organization\"},\"potentialAction\":[{\"@type\":\"SearchAction\",\"target\":{\"@type\":\"EntryPoint\",\"urlTemplate\":\"https:\/\/www.arrogant-frog.com\/?s={search_term_string}\"},\"query-input\":\"required name=search_term_string\"}],\"inLanguage\":\"en-US\"},{\"@type\":\"Organization\",\"@id\":\"https:\/\/www.arrogant-frog.com\/#organization\",\"name\":\"Arrogant Frog\",\"url\":\"https:\/\/www.arrogant-frog.com\/\",\"logo\":{\"@type\":\"ImageObject\",\"inLanguage\":\"en-US\",\"@id\":\"https:\/\/www.arrogant-frog.com\/#\/schema\/logo\/image\/\",\"url\":\"https:\/\/www.arrogant-frog.com\/wp-content\/uploads\/2014\/03\/vrai1.png\",\"contentUrl\":\"https:\/\/www.arrogant-frog.com\/wp-content\/uploads\/2014\/03\/vrai1.png\",\"width\":250,\"height\":457,\"caption\":\"Arrogant Frog\"},\"image\":{\"@id\":\"https:\/\/www.arrogant-frog.com\/#\/schema\/logo\/image\/\"}}]}<\/script>\n<!-- \/ Yoast SEO plugin. -->","yoast_head_json":{"title":"L'audace d'\u00eatre diff\u00e9rent - Arrogant FROG","description":"L\u2019audace d'\u00eatre diff\u00e9rent : \u00ab Le vignoble est le lieu d\u2019o\u00f9 vient l\u2019inspiration, l\u00e0 o\u00f9 on se forge l\u2019image approximative de la personnalit\u00e9 et du caract\u00e8re du vin ; tout cela d\u00e9pend de nos raisins, fruits de 12 mois de travail \u00bb.","robots":{"index":"index","follow":"follow","max-snippet":"max-snippet:-1","max-image-preview":"max-image-preview:large","max-video-preview":"max-video-preview:-1"},"canonical":"https:\/\/www.arrogant-frog.com\/en\/daring-to-be-different\/","og_locale":"en_US","og_type":"article","og_title":"L'audace d'\u00eatre diff\u00e9rent - Arrogant FROG","og_description":"L\u2019audace d'\u00eatre diff\u00e9rent : \u00ab Le vignoble est le lieu d\u2019o\u00f9 vient l\u2019inspiration, l\u00e0 o\u00f9 on se forge l\u2019image approximative de la personnalit\u00e9 et du caract\u00e8re du vin ; tout cela d\u00e9pend de nos raisins, fruits de 12 mois de travail \u00bb.","og_url":"https:\/\/www.arrogant-frog.com\/en\/daring-to-be-different\/","og_site_name":"Arrogant Frog","article_modified_time":"2018-02-12T09:54:27+00:00","twitter_card":"summary_large_image","twitter_misc":{"Est. reading time":"1 minute"},"schema":{"@context":"https:\/\/schema.org","@graph":[{"@type":"WebPage","@id":"https:\/\/www.arrogant-frog.com\/en\/daring-to-be-different\/","url":"https:\/\/www.arrogant-frog.com\/en\/daring-to-be-different\/","name":"L'audace d'\u00eatre diff\u00e9rent - Arrogant FROG","isPartOf":{"@id":"https:\/\/www.arrogant-frog.com\/#website"},"datePublished":"2014-05-20T11:50:13+00:00","dateModified":"2018-02-12T09:54:27+00:00","description":"L\u2019audace d'\u00eatre diff\u00e9rent : \u00ab Le vignoble est le lieu d\u2019o\u00f9 vient l\u2019inspiration, l\u00e0 o\u00f9 on se forge l\u2019image approximative de la personnalit\u00e9 et du caract\u00e8re du vin ; tout cela d\u00e9pend de nos raisins, fruits de 12 mois de travail \u00bb.","breadcrumb":{"@id":"https:\/\/www.arrogant-frog.com\/en\/daring-to-be-different\/#breadcrumb"},"inLanguage":"en-US","potentialAction":[{"@type":"ReadAction","target":["https:\/\/www.arrogant-frog.com\/en\/daring-to-be-different\/"]}]},{"@type":"BreadcrumbList","@id":"https:\/\/www.arrogant-frog.com\/en\/daring-to-be-different\/#breadcrumb","itemListElement":[{"@type":"ListItem","position":1,"name":"Home","item":"https:\/\/www.arrogant-frog.com\/en\/"},{"@type":"ListItem","position":2,"name":"Daring to be different"}]},{"@type":"WebSite","@id":"https:\/\/www.arrogant-frog.com\/#website","url":"https:\/\/www.arrogant-frog.com\/","name":"Arrogant Frog","description":"Arrogant FROG, l&#039;audace d&#039;\u00eatre diff\u00e9rent","publisher":{"@id":"https:\/\/www.arrogant-frog.com\/#organization"},"potentialAction":[{"@type":"SearchAction","target":{"@type":"EntryPoint","urlTemplate":"https:\/\/www.arrogant-frog.com\/?s={search_term_string}"},"query-input":"required name=search_term_string"}],"inLanguage":"en-US"},{"@type":"Organization","@id":"https:\/\/www.arrogant-frog.com\/#organization","name":"Arrogant Frog","url":"https:\/\/www.arrogant-frog.com\/","logo":{"@type":"ImageObject","inLanguage":"en-US","@id":"https:\/\/www.arrogant-frog.com\/#\/schema\/logo\/image\/","url":"https:\/\/www.arrogant-frog.com\/wp-content\/uploads\/2014\/03\/vrai1.png","contentUrl":"https:\/\/www.arrogant-frog.com\/wp-content\/uploads\/2014\/03\/vrai1.png","width":250,"height":457,"caption":"Arrogant Frog"},"image":{"@id":"https:\/\/www.arrogant-frog.com\/#\/schema\/logo\/image\/"}}]}},"_links":{"self":[{"href":"https:\/\/www.arrogant-frog.com\/en\/wp-json\/wp\/v2\/pages\/1961"}],"collection":[{"href":"https:\/\/www.arrogant-frog.com\/en\/wp-json\/wp\/v2\/pages"}],"about":[{"href":"https:\/\/www.arrogant-frog.com\/en\/wp-json\/wp\/v2\/types\/page"}],"author":[{"embeddable":true,"href":"https:\/\/www.arrogant-frog.com\/en\/wp-json\/wp\/v2\/users\/1"}],"replies":[{"embeddable":true,"href":"https:\/\/www.arrogant-frog.com\/en\/wp-json\/wp\/v2\/comments?post=1961"}],"version-history":[{"count":12,"href":"https:\/\/www.arrogant-frog.com\/en\/wp-json\/wp\/v2\/pages\/1961\/revisions"}],"predecessor-version":[{"id":205478,"href":"https:\/\/www.arrogant-frog.com\/en\/wp-json\/wp\/v2\/pages\/1961\/revisions\/205478"}],"wp:attachment":[{"href":"https:\/\/www.arrogant-frog.com\/en\/wp-json\/wp\/v2\/media?parent=1961"}],"curies":[{"name":"wp","href":"https:\/\/api.w.org\/{rel}","templated":true}]}}